{"id":5156,"date":"2020-11-09T10:45:04","date_gmt":"2020-11-09T09:45:04","guid":{"rendered":"https:\/\/www.vintouraine.com\/?post_type=product&#038;p=5156"},"modified":"2022-05-16T17:21:47","modified_gmt":"2022-05-16T15:21:47","slug":"marcel-martin-vin-de-loire-touraine-le-clouquin-2018","status":"publish","type":"product","link":"https:\/\/vintouraine.com\/en\/produit\/marcel-martin-vin-de-loire-touraine-le-clouquin-2018\/","title":{"rendered":"MARCEL MARTIN &#8211; VIN DE LOIRE TOURAINE LE CLOUQUIN 2018"},"content":{"rendered":"","protected":false},"excerpt":{"rendered":"<p><strong>Appellation&nbsp;:<\/strong> AOC Touraine<\/p>\n<p><strong>Couleur&nbsp;:<\/strong> Rouge<\/p>\n<p><strong>Descriptif&nbsp;:<\/strong><br \/>\n<span style=\"text-decoration: underline;\">C\u00e9page<\/span>&nbsp;: Gamay<br \/>\n<span style=\"text-decoration: underline;\">Robe<\/span> : Rouge rubis<br \/>\n<span style=\"text-decoration: underline;\">Nez<\/span> : Nez expressif, aux notes de fruits rouges et de clou de girofles.<br \/>\n<span style=\"text-decoration: underline;\">Bouche<\/span> : Attaque souple, avec un tr\u00e8s bel \u00e9quilibre g\u00e9n\u00e9ral. On retrouve en fin de bouche la structure du mill\u00e9sime, tout en gardant la rondeur et le croquant.<br \/>\n<span style=\"text-decoration: underline;\">Recommandations<\/span> : Charcuteries, viandes blanches, poissons en sauces au vin rouge, des champignons farcis au jambon fum\u00e9, un camembert frais ou du chaource.<br \/>\n<span style=\"text-decoration: underline;\">Temp\u00e9rature de service<\/span> : 14\u00b0C<br \/>\n<span style=\"text-decoration: underline;\">Conservation<\/span> : 2 ans<br \/>\n<span style=\"text-decoration: underline;\">Alcool<\/span> : 12<\/p>\n<p><strong>Lien vers site&nbsp;:<\/strong> <a href=\"https:\/\/fr.grandescavesstroch.com\/vin\/aop-touraine-gamay-marcel-martin-2018,39.html\" target=\"_blank\" rel=\"noopener noreferrer\">https:\/\/fr.grandescavesstroch.com\/vin\/aop-touraine-gamay-marcel-martin-2018,39.html<\/a><\/p>","protected":false},"featured_media":5157,"template":"","meta":{"_acf_changed":false,"ngg_post_thumbnail":0},"product_brand":[],"product_cat":[99],"product_tag":[],"class_list":{"0":"post-5156","1":"product","2":"type-product","3":"status-publish","4":"has-post-thumbnail","6":"product_cat-grandes-caves-saint-roch","8":"first","9":"outofstock","10":"taxable","11":"shipping-taxable","12":"purchasable","13":"product-type-simple"},"acf":[],"yoast_head":"<!-- This site is optimized with the Yoast SEO plugin v27.5 - https:\/\/yoast.com\/product\/yoast-seo-wordpress\/ -->\n<title>MARCEL MARTIN - VIN DE LOIRE TOURAINE LE CLOUQUIN 2018 - AOC Touraine Val de Loire<\/title>\n<meta name=\"robots\" content=\"index, follow, max-snippet:-1, max-image-preview:large, max-video-preview:-1\" \/>\n<link rel=\"canonical\" href=\"https:\/\/vintouraine.com\/en\/produit\/marcel-martin-vin-de-loire-touraine-le-clouquin-2018\/\" \/>\n<meta property=\"og:locale\" content=\"en_US\" \/>\n<meta property=\"og:type\" content=\"article\" \/>\n<meta property=\"og:title\" content=\"MARCEL MARTIN - VIN DE LOIRE TOURAINE LE CLOUQUIN 2018 - AOC Touraine Val de Loire\" \/>\n<meta property=\"og:description\" content=\"Appellation&nbsp;: AOC Touraine  Couleur&nbsp;: Rouge  Descriptif&nbsp;: C\u00e9page&nbsp;: Gamay Robe : Rouge rubis Nez : Nez expressif, aux notes de fruits rouges et de clou de girofles. Bouche : Attaque souple, avec un tr\u00e8s bel \u00e9quilibre g\u00e9n\u00e9ral. On retrouve en fin de bouche la structure du mill\u00e9sime, tout en gardant la rondeur et le croquant. Recommandations : Charcuteries, viandes blanches, poissons en sauces au vin rouge, des champignons farcis au jambon fum\u00e9, un camembert frais ou du chaource. Temp\u00e9rature de service : 14\u00b0C Conservation : 2 ans Alcool : 12  Lien vers site&nbsp;: https:\/\/fr.grandescavesstroch.com\/vin\/aop-touraine-gamay-marcel-martin-2018,39.html\" \/>\n<meta property=\"og:url\" content=\"https:\/\/vintouraine.com\/en\/produit\/marcel-martin-vin-de-loire-touraine-le-clouquin-2018\/\" \/>\n<meta property=\"og:site_name\" content=\"AOC Touraine Val de Loire\" \/>\n<meta property=\"article:publisher\" content=\"https:\/\/www.facebook.com\/aoctouraine\/\" \/>\n<meta property=\"article:modified_time\" content=\"2022-05-16T15:21:47+00:00\" \/>\n<meta property=\"og:image\" content=\"https:\/\/vintouraine.com\/wp-content\/uploads\/2020\/11\/Grandes-Caves-St-Roch_Marcel-Martin.jpg\" \/>\n\t<meta property=\"og:image:width\" content=\"360\" \/>\n\t<meta property=\"og:image:height\" content=\"285\" \/>\n\t<meta property=\"og:image:type\" content=\"image\/jpeg\" \/>\n<meta name=\"twitter:card\" content=\"summary_large_image\" \/>\n<meta name=\"twitter:site\" content=\"@AOCTouraine\" \/>\n<script type=\"application\/ld+json\" class=\"yoast-schema-graph\">{\"@context\":\"https:\\\/\\\/schema.org\",\"@graph\":[{\"@type\":\"WebPage\",\"@id\":\"https:\\\/\\\/vintouraine.com\\\/en\\\/produit\\\/marcel-martin-vin-de-loire-touraine-le-clouquin-2018\\\/\",\"url\":\"https:\\\/\\\/vintouraine.com\\\/en\\\/produit\\\/marcel-martin-vin-de-loire-touraine-le-clouquin-2018\\\/\",\"name\":\"MARCEL MARTIN - VIN DE LOIRE TOURAINE LE CLOUQUIN 2018 - AOC Touraine Val de Loire\",\"isPartOf\":{\"@id\":\"https:\\\/\\\/www.vintouraine.com\\\/#website\"},\"primaryImageOfPage\":{\"@id\":\"https:\\\/\\\/vintouraine.com\\\/en\\\/produit\\\/marcel-martin-vin-de-loire-touraine-le-clouquin-2018\\\/#primaryimage\"},\"image\":{\"@id\":\"https:\\\/\\\/vintouraine.com\\\/en\\\/produit\\\/marcel-martin-vin-de-loire-touraine-le-clouquin-2018\\\/#primaryimage\"},\"thumbnailUrl\":\"https:\\\/\\\/vintouraine.com\\\/wp-content\\\/uploads\\\/2020\\\/11\\\/Grandes-Caves-St-Roch_Marcel-Martin.jpg\",\"datePublished\":\"2020-11-09T09:45:04+00:00\",\"dateModified\":\"2022-05-16T15:21:47+00:00\",\"breadcrumb\":{\"@id\":\"https:\\\/\\\/vintouraine.com\\\/en\\\/produit\\\/marcel-martin-vin-de-loire-touraine-le-clouquin-2018\\\/#breadcrumb\"},\"inLanguage\":\"en-US\",\"potentialAction\":[{\"@type\":\"ReadAction\",\"target\":[\"https:\\\/\\\/vintouraine.com\\\/en\\\/produit\\\/marcel-martin-vin-de-loire-touraine-le-clouquin-2018\\\/\"]}]},{\"@type\":\"ImageObject\",\"inLanguage\":\"en-US\",\"@id\":\"https:\\\/\\\/vintouraine.com\\\/en\\\/produit\\\/marcel-martin-vin-de-loire-touraine-le-clouquin-2018\\\/#primaryimage\",\"url\":\"https:\\\/\\\/vintouraine.com\\\/wp-content\\\/uploads\\\/2020\\\/11\\\/Grandes-Caves-St-Roch_Marcel-Martin.jpg\",\"contentUrl\":\"https:\\\/\\\/vintouraine.com\\\/wp-content\\\/uploads\\\/2020\\\/11\\\/Grandes-Caves-St-Roch_Marcel-Martin.jpg\",\"width\":360,\"height\":285},{\"@type\":\"BreadcrumbList\",\"@id\":\"https:\\\/\\\/vintouraine.com\\\/en\\\/produit\\\/marcel-martin-vin-de-loire-touraine-le-clouquin-2018\\\/#breadcrumb\",\"itemListElement\":[{\"@type\":\"ListItem\",\"position\":1,\"name\":\"Home\",\"item\":\"https:\\\/\\\/vintouraine.com\\\/en\\\/\"},{\"@type\":\"ListItem\",\"position\":2,\"name\":\"Boutique\",\"item\":\"https:\\\/\\\/www.vintouraine.com\\\/boutique\\\/\"},{\"@type\":\"ListItem\",\"position\":3,\"name\":\"MARCEL MARTIN &#8211; VIN DE LOIRE TOURAINE LE CLOUQUIN 2018\"}]},{\"@type\":\"WebSite\",\"@id\":\"https:\\\/\\\/www.vintouraine.com\\\/#website\",\"url\":\"https:\\\/\\\/www.vintouraine.com\\\/\",\"name\":\"AOC Touraine Val de Loire\",\"description\":\"\",\"publisher\":{\"@id\":\"https:\\\/\\\/www.vintouraine.com\\\/#organization\"},\"potentialAction\":[{\"@type\":\"SearchAction\",\"target\":{\"@type\":\"EntryPoint\",\"urlTemplate\":\"https:\\\/\\\/www.vintouraine.com\\\/?s={search_term_string}\"},\"query-input\":{\"@type\":\"PropertyValueSpecification\",\"valueRequired\":true,\"valueName\":\"search_term_string\"}}],\"inLanguage\":\"en-US\"},{\"@type\":\"Organization\",\"@id\":\"https:\\\/\\\/www.vintouraine.com\\\/#organization\",\"name\":\"AOC TOURAINE\",\"url\":\"https:\\\/\\\/www.vintouraine.com\\\/\",\"logo\":{\"@type\":\"ImageObject\",\"inLanguage\":\"en-US\",\"@id\":\"https:\\\/\\\/www.vintouraine.com\\\/#\\\/schema\\\/logo\\\/image\\\/\",\"url\":\"https:\\\/\\\/www.vintouraine.com\\\/wp-content\\\/uploads\\\/2018\\\/05\\\/logo-aoc-touraine.png\",\"contentUrl\":\"https:\\\/\\\/www.vintouraine.com\\\/wp-content\\\/uploads\\\/2018\\\/05\\\/logo-aoc-touraine.png\",\"width\":330,\"height\":85,\"caption\":\"AOC TOURAINE\"},\"image\":{\"@id\":\"https:\\\/\\\/www.vintouraine.com\\\/#\\\/schema\\\/logo\\\/image\\\/\"},\"sameAs\":[\"https:\\\/\\\/www.facebook.com\\\/aoctouraine\\\/\",\"https:\\\/\\\/x.com\\\/AOCTouraine\"]}]}<\/script>\n<!-- \/ Yoast SEO plugin. -->","yoast_head_json":{"title":"MARCEL MARTIN - VIN DE LOIRE TOURAINE LE CLOUQUIN 2018 - AOC Touraine Val de Loire","robots":{"index":"index","follow":"follow","max-snippet":"max-snippet:-1","max-image-preview":"max-image-preview:large","max-video-preview":"max-video-preview:-1"},"canonical":"https:\/\/vintouraine.com\/en\/produit\/marcel-martin-vin-de-loire-touraine-le-clouquin-2018\/","og_locale":"en_US","og_type":"article","og_title":"MARCEL MARTIN - VIN DE LOIRE TOURAINE LE CLOUQUIN 2018 - AOC Touraine Val de Loire","og_description":"Appellation&nbsp;: AOC Touraine  Couleur&nbsp;: Rouge  Descriptif&nbsp;: C\u00e9page&nbsp;: Gamay Robe : Rouge rubis Nez : Nez expressif, aux notes de fruits rouges et de clou de girofles. Bouche : Attaque souple, avec un tr\u00e8s bel \u00e9quilibre g\u00e9n\u00e9ral. On retrouve en fin de bouche la structure du mill\u00e9sime, tout en gardant la rondeur et le croquant. Recommandations : Charcuteries, viandes blanches, poissons en sauces au vin rouge, des champignons farcis au jambon fum\u00e9, un camembert frais ou du chaource. Temp\u00e9rature de service : 14\u00b0C Conservation : 2 ans Alcool : 12  Lien vers site&nbsp;: https:\/\/fr.grandescavesstroch.com\/vin\/aop-touraine-gamay-marcel-martin-2018,39.html","og_url":"https:\/\/vintouraine.com\/en\/produit\/marcel-martin-vin-de-loire-touraine-le-clouquin-2018\/","og_site_name":"AOC Touraine Val de Loire","article_publisher":"https:\/\/www.facebook.com\/aoctouraine\/","article_modified_time":"2022-05-16T15:21:47+00:00","og_image":[{"width":360,"height":285,"url":"https:\/\/vintouraine.com\/wp-content\/uploads\/2020\/11\/Grandes-Caves-St-Roch_Marcel-Martin.jpg","type":"image\/jpeg"}],"twitter_card":"summary_large_image","twitter_site":"@AOCTouraine","schema":{"@context":"https:\/\/schema.org","@graph":[{"@type":"WebPage","@id":"https:\/\/vintouraine.com\/en\/produit\/marcel-martin-vin-de-loire-touraine-le-clouquin-2018\/","url":"https:\/\/vintouraine.com\/en\/produit\/marcel-martin-vin-de-loire-touraine-le-clouquin-2018\/","name":"MARCEL MARTIN - VIN DE LOIRE TOURAINE LE CLOUQUIN 2018 - AOC Touraine Val de Loire","isPartOf":{"@id":"https:\/\/www.vintouraine.com\/#website"},"primaryImageOfPage":{"@id":"https:\/\/vintouraine.com\/en\/produit\/marcel-martin-vin-de-loire-touraine-le-clouquin-2018\/#primaryimage"},"image":{"@id":"https:\/\/vintouraine.com\/en\/produit\/marcel-martin-vin-de-loire-touraine-le-clouquin-2018\/#primaryimage"},"thumbnailUrl":"https:\/\/vintouraine.com\/wp-content\/uploads\/2020\/11\/Grandes-Caves-St-Roch_Marcel-Martin.jpg","datePublished":"2020-11-09T09:45:04+00:00","dateModified":"2022-05-16T15:21:47+00:00","breadcrumb":{"@id":"https:\/\/vintouraine.com\/en\/produit\/marcel-martin-vin-de-loire-touraine-le-clouquin-2018\/#breadcrumb"},"inLanguage":"en-US","potentialAction":[{"@type":"ReadAction","target":["https:\/\/vintouraine.com\/en\/produit\/marcel-martin-vin-de-loire-touraine-le-clouquin-2018\/"]}]},{"@type":"ImageObject","inLanguage":"en-US","@id":"https:\/\/vintouraine.com\/en\/produit\/marcel-martin-vin-de-loire-touraine-le-clouquin-2018\/#primaryimage","url":"https:\/\/vintouraine.com\/wp-content\/uploads\/2020\/11\/Grandes-Caves-St-Roch_Marcel-Martin.jpg","contentUrl":"https:\/\/vintouraine.com\/wp-content\/uploads\/2020\/11\/Grandes-Caves-St-Roch_Marcel-Martin.jpg","width":360,"height":285},{"@type":"BreadcrumbList","@id":"https:\/\/vintouraine.com\/en\/produit\/marcel-martin-vin-de-loire-touraine-le-clouquin-2018\/#breadcrumb","itemListElement":[{"@type":"ListItem","position":1,"name":"Home","item":"https:\/\/vintouraine.com\/en\/"},{"@type":"ListItem","position":2,"name":"Boutique","item":"https:\/\/www.vintouraine.com\/boutique\/"},{"@type":"ListItem","position":3,"name":"MARCEL MARTIN &#8211; VIN DE LOIRE TOURAINE LE CLOUQUIN 2018"}]},{"@type":"WebSite","@id":"https:\/\/www.vintouraine.com\/#website","url":"https:\/\/www.vintouraine.com\/","name":"AOC Touraine Val de Loire","description":"","publisher":{"@id":"https:\/\/www.vintouraine.com\/#organization"},"potentialAction":[{"@type":"SearchAction","target":{"@type":"EntryPoint","urlTemplate":"https:\/\/www.vintouraine.com\/?s={search_term_string}"},"query-input":{"@type":"PropertyValueSpecification","valueRequired":true,"valueName":"search_term_string"}}],"inLanguage":"en-US"},{"@type":"Organization","@id":"https:\/\/www.vintouraine.com\/#organization","name":"AOC TOURAINE","url":"https:\/\/www.vintouraine.com\/","logo":{"@type":"ImageObject","inLanguage":"en-US","@id":"https:\/\/www.vintouraine.com\/#\/schema\/logo\/image\/","url":"https:\/\/www.vintouraine.com\/wp-content\/uploads\/2018\/05\/logo-aoc-touraine.png","contentUrl":"https:\/\/www.vintouraine.com\/wp-content\/uploads\/2018\/05\/logo-aoc-touraine.png","width":330,"height":85,"caption":"AOC TOURAINE"},"image":{"@id":"https:\/\/www.vintouraine.com\/#\/schema\/logo\/image\/"},"sameAs":["https:\/\/www.facebook.com\/aoctouraine\/","https:\/\/x.com\/AOCTouraine"]}]}},"_links":{"self":[{"href":"https:\/\/vintouraine.com\/en\/wp-json\/wp\/v2\/product\/5156\/"}],"collection":[{"href":"https:\/\/vintouraine.com\/en\/wp-json\/wp\/v2\/product\/"}],"about":[{"href":"https:\/\/vintouraine.com\/en\/wp-json\/wp\/v2\/types\/product\/"}],"wp:featuredmedia":[{"embeddable":true,"href":"https:\/\/vintouraine.com\/en\/wp-json\/wp\/v2\/media\/5157\/"}],"wp:attachment":[{"href":"https:\/\/vintouraine.com\/en\/wp-json\/wp\/v2\/media\/?parent=5156"}],"wp:term":[{"taxonomy":"product_brand","embeddable":true,"href":"https:\/\/vintouraine.com\/en\/wp-json\/wp\/v2\/product_brand\/?post=5156"},{"taxonomy":"product_cat","embeddable":true,"href":"https:\/\/vintouraine.com\/en\/wp-json\/wp\/v2\/product_cat\/?post=5156"},{"taxonomy":"product_tag","embeddable":true,"href":"https:\/\/vintouraine.com\/en\/wp-json\/wp\/v2\/product_tag\/?post=5156"}],"curies":[{"name":"wp","href":"https:\/\/api.w.org\/{rel}","templated":true}]}}