{"id":5016,"date":"2020-11-05T15:49:37","date_gmt":"2020-11-05T14:49:37","guid":{"rendered":"https:\/\/www.vintouraine.com\/?post_type=product&#038;p=5016"},"modified":"2022-05-16T17:23:20","modified_gmt":"2022-05-16T15:23:20","slug":"authenticot-2016","status":"publish","type":"product","link":"https:\/\/vintouraine.com\/en\/produit\/authenticot-2016\/","title":{"rendered":"AUTHENTIC\u00d4T 2016"},"content":{"rendered":"","protected":false},"excerpt":{"rendered":"<p><strong>Appellation&nbsp;:<\/strong> AOC Touraine Amboise<\/p>\n<p><strong>Couleur&nbsp;:<\/strong> Rouge<\/p>\n<p><strong>Descriptif&nbsp;:<br \/>\n<\/strong>100% c\u00f4t<br \/>\nElev\u00e9 en f\u00fbts de ch\u00eane<br \/>\nCe vin se pare d&#8217;une belle robe rouge aux reflets violac\u00e9s. Malgr\u00e9 sa jeunesse, il pr\u00e9sente d\u00e9j\u00e0 au nez un bouquet riche o\u00f9 s&#8217;\u00e9veillent des notes de caf\u00e9 et de cacao. En bouche, on prend toute la mesure du potentiel de cette cuv\u00e9e gr\u00e2ce \u00e0 une structure tannique d\u00e9j\u00e0 bien en place. Les ar\u00f4mes de chocolat noir soulignent une finale bois\u00e9e et ample et pr\u00e9sagent un vin noble, \u00e9l\u00e9gant et de bonne garde.<\/p>\n<p><strong>Lien vers site&nbsp;:<\/strong> <a href=\"https:\/\/lagabilliere.fr\/vins-rouges\/18-touraine-amboise-rouge-authenticot-2015.html\" target=\"_blank\" rel=\"noopener noreferrer\">https:\/\/lagabilliere.fr\/vins-rouges\/18-touraine-amboise-rouge-authenticot-2015.html<\/a><\/p>","protected":false},"featured_media":4974,"template":"","meta":{"_acf_changed":false,"ngg_post_thumbnail":0},"product_brand":[],"product_cat":[86],"product_tag":[],"class_list":{"0":"post-5016","1":"product","2":"type-product","3":"status-publish","4":"has-post-thumbnail","6":"product_cat-domaine-de-la-gabilliere","8":"first","9":"outofstock","10":"taxable","11":"shipping-taxable","12":"purchasable","13":"product-type-simple"},"acf":[],"yoast_head":"<!-- This site is optimized with the Yoast SEO plugin v27.4 - https:\/\/yoast.com\/product\/yoast-seo-wordpress\/ -->\n<title>AUTHENTIC\u00d4T 2016 - AOC Touraine Val de Loire<\/title>\n<meta name=\"robots\" content=\"index, follow, max-snippet:-1, max-image-preview:large, max-video-preview:-1\" \/>\n<link rel=\"canonical\" href=\"https:\/\/vintouraine.com\/en\/produit\/authenticot-2016\/\" \/>\n<meta property=\"og:locale\" content=\"en_US\" \/>\n<meta property=\"og:type\" content=\"article\" \/>\n<meta property=\"og:title\" content=\"AUTHENTIC\u00d4T 2016 - AOC Touraine Val de Loire\" \/>\n<meta property=\"og:description\" content=\"Appellation&nbsp;: AOC Touraine Amboise  Couleur&nbsp;: Rouge  Descriptif&nbsp;: 100% c\u00f4t Elev\u00e9 en f\u00fbts de ch\u00eane Ce vin se pare d&#039;une belle robe rouge aux reflets violac\u00e9s. Malgr\u00e9 sa jeunesse, il pr\u00e9sente d\u00e9j\u00e0 au nez un bouquet riche o\u00f9 s&#039;\u00e9veillent des notes de caf\u00e9 et de cacao. En bouche, on prend toute la mesure du potentiel de cette cuv\u00e9e gr\u00e2ce \u00e0 une structure tannique d\u00e9j\u00e0 bien en place. Les ar\u00f4mes de chocolat noir soulignent une finale bois\u00e9e et ample et pr\u00e9sagent un vin noble, \u00e9l\u00e9gant et de bonne garde.  Lien vers site&nbsp;: https:\/\/lagabilliere.fr\/vins-rouges\/18-touraine-amboise-rouge-authenticot-2015.html\" \/>\n<meta property=\"og:url\" content=\"https:\/\/vintouraine.com\/en\/produit\/authenticot-2016\/\" \/>\n<meta property=\"og:site_name\" content=\"AOC Touraine Val de Loire\" \/>\n<meta property=\"article:publisher\" content=\"https:\/\/www.facebook.com\/aoctouraine\/\" \/>\n<meta property=\"article:modified_time\" content=\"2022-05-16T15:23:20+00:00\" \/>\n<meta property=\"og:image\" content=\"https:\/\/vintouraine.com\/wp-content\/uploads\/2020\/11\/Domaine-La-Gabilliere_Authenticot-1.jpg\" \/>\n\t<meta property=\"og:image:width\" content=\"600\" \/>\n\t<meta property=\"og:image:height\" content=\"600\" \/>\n\t<meta property=\"og:image:type\" content=\"image\/jpeg\" \/>\n<meta name=\"twitter:card\" content=\"summary_large_image\" \/>\n<meta name=\"twitter:site\" content=\"@AOCTouraine\" \/>\n<script type=\"application\/ld+json\" class=\"yoast-schema-graph\">{\"@context\":\"https:\\\/\\\/schema.org\",\"@graph\":[{\"@type\":\"WebPage\",\"@id\":\"https:\\\/\\\/vintouraine.com\\\/en\\\/produit\\\/authenticot-2016\\\/\",\"url\":\"https:\\\/\\\/vintouraine.com\\\/en\\\/produit\\\/authenticot-2016\\\/\",\"name\":\"AUTHENTIC\u00d4T 2016 - AOC Touraine Val de Loire\",\"isPartOf\":{\"@id\":\"https:\\\/\\\/vintouraine.com\\\/#website\"},\"primaryImageOfPage\":{\"@id\":\"https:\\\/\\\/vintouraine.com\\\/en\\\/produit\\\/authenticot-2016\\\/#primaryimage\"},\"image\":{\"@id\":\"https:\\\/\\\/vintouraine.com\\\/en\\\/produit\\\/authenticot-2016\\\/#primaryimage\"},\"thumbnailUrl\":\"https:\\\/\\\/vintouraine.com\\\/wp-content\\\/uploads\\\/2020\\\/11\\\/Domaine-La-Gabilliere_Authenticot-1.jpg\",\"datePublished\":\"2020-11-05T14:49:37+00:00\",\"dateModified\":\"2022-05-16T15:23:20+00:00\",\"breadcrumb\":{\"@id\":\"https:\\\/\\\/vintouraine.com\\\/en\\\/produit\\\/authenticot-2016\\\/#breadcrumb\"},\"inLanguage\":\"en-US\",\"potentialAction\":[{\"@type\":\"ReadAction\",\"target\":[\"https:\\\/\\\/vintouraine.com\\\/en\\\/produit\\\/authenticot-2016\\\/\"]}]},{\"@type\":\"ImageObject\",\"inLanguage\":\"en-US\",\"@id\":\"https:\\\/\\\/vintouraine.com\\\/en\\\/produit\\\/authenticot-2016\\\/#primaryimage\",\"url\":\"https:\\\/\\\/vintouraine.com\\\/wp-content\\\/uploads\\\/2020\\\/11\\\/Domaine-La-Gabilliere_Authenticot-1.jpg\",\"contentUrl\":\"https:\\\/\\\/vintouraine.com\\\/wp-content\\\/uploads\\\/2020\\\/11\\\/Domaine-La-Gabilliere_Authenticot-1.jpg\",\"width\":600,\"height\":600},{\"@type\":\"BreadcrumbList\",\"@id\":\"https:\\\/\\\/vintouraine.com\\\/en\\\/produit\\\/authenticot-2016\\\/#breadcrumb\",\"itemListElement\":[{\"@type\":\"ListItem\",\"position\":1,\"name\":\"Home\",\"item\":\"https:\\\/\\\/vintouraine.com\\\/en\\\/\"},{\"@type\":\"ListItem\",\"position\":2,\"name\":\"Boutique\",\"item\":\"https:\\\/\\\/vintouraine.com\\\/boutique\\\/\"},{\"@type\":\"ListItem\",\"position\":3,\"name\":\"AUTHENTIC\u00d4T 2016\"}]},{\"@type\":\"WebSite\",\"@id\":\"https:\\\/\\\/vintouraine.com\\\/#website\",\"url\":\"https:\\\/\\\/vintouraine.com\\\/\",\"name\":\"AOC Touraine Val de Loire\",\"description\":\"\",\"publisher\":{\"@id\":\"https:\\\/\\\/vintouraine.com\\\/#organization\"},\"potentialAction\":[{\"@type\":\"SearchAction\",\"target\":{\"@type\":\"EntryPoint\",\"urlTemplate\":\"https:\\\/\\\/vintouraine.com\\\/?s={search_term_string}\"},\"query-input\":{\"@type\":\"PropertyValueSpecification\",\"valueRequired\":true,\"valueName\":\"search_term_string\"}}],\"inLanguage\":\"en-US\"},{\"@type\":\"Organization\",\"@id\":\"https:\\\/\\\/vintouraine.com\\\/#organization\",\"name\":\"AOC TOURAINE\",\"url\":\"https:\\\/\\\/vintouraine.com\\\/\",\"logo\":{\"@type\":\"ImageObject\",\"inLanguage\":\"en-US\",\"@id\":\"https:\\\/\\\/vintouraine.com\\\/#\\\/schema\\\/logo\\\/image\\\/\",\"url\":\"https:\\\/\\\/www.vintouraine.com\\\/wp-content\\\/uploads\\\/2018\\\/05\\\/logo-aoc-touraine.png\",\"contentUrl\":\"https:\\\/\\\/www.vintouraine.com\\\/wp-content\\\/uploads\\\/2018\\\/05\\\/logo-aoc-touraine.png\",\"width\":330,\"height\":85,\"caption\":\"AOC TOURAINE\"},\"image\":{\"@id\":\"https:\\\/\\\/vintouraine.com\\\/#\\\/schema\\\/logo\\\/image\\\/\"},\"sameAs\":[\"https:\\\/\\\/www.facebook.com\\\/aoctouraine\\\/\",\"https:\\\/\\\/x.com\\\/AOCTouraine\"]}]}<\/script>\n<!-- \/ Yoast SEO plugin. -->","yoast_head_json":{"title":"AUTHENTIC\u00d4T 2016 - AOC Touraine Val de Loire","robots":{"index":"index","follow":"follow","max-snippet":"max-snippet:-1","max-image-preview":"max-image-preview:large","max-video-preview":"max-video-preview:-1"},"canonical":"https:\/\/vintouraine.com\/en\/produit\/authenticot-2016\/","og_locale":"en_US","og_type":"article","og_title":"AUTHENTIC\u00d4T 2016 - AOC Touraine Val de Loire","og_description":"Appellation&nbsp;: AOC Touraine Amboise  Couleur&nbsp;: Rouge  Descriptif&nbsp;: 100% c\u00f4t Elev\u00e9 en f\u00fbts de ch\u00eane Ce vin se pare d'une belle robe rouge aux reflets violac\u00e9s. Malgr\u00e9 sa jeunesse, il pr\u00e9sente d\u00e9j\u00e0 au nez un bouquet riche o\u00f9 s'\u00e9veillent des notes de caf\u00e9 et de cacao. En bouche, on prend toute la mesure du potentiel de cette cuv\u00e9e gr\u00e2ce \u00e0 une structure tannique d\u00e9j\u00e0 bien en place. Les ar\u00f4mes de chocolat noir soulignent une finale bois\u00e9e et ample et pr\u00e9sagent un vin noble, \u00e9l\u00e9gant et de bonne garde.  Lien vers site&nbsp;: https:\/\/lagabilliere.fr\/vins-rouges\/18-touraine-amboise-rouge-authenticot-2015.html","og_url":"https:\/\/vintouraine.com\/en\/produit\/authenticot-2016\/","og_site_name":"AOC Touraine Val de Loire","article_publisher":"https:\/\/www.facebook.com\/aoctouraine\/","article_modified_time":"2022-05-16T15:23:20+00:00","og_image":[{"width":600,"height":600,"url":"https:\/\/vintouraine.com\/wp-content\/uploads\/2020\/11\/Domaine-La-Gabilliere_Authenticot-1.jpg","type":"image\/jpeg"}],"twitter_card":"summary_large_image","twitter_site":"@AOCTouraine","schema":{"@context":"https:\/\/schema.org","@graph":[{"@type":"WebPage","@id":"https:\/\/vintouraine.com\/en\/produit\/authenticot-2016\/","url":"https:\/\/vintouraine.com\/en\/produit\/authenticot-2016\/","name":"AUTHENTIC\u00d4T 2016 - AOC Touraine Val de Loire","isPartOf":{"@id":"https:\/\/vintouraine.com\/#website"},"primaryImageOfPage":{"@id":"https:\/\/vintouraine.com\/en\/produit\/authenticot-2016\/#primaryimage"},"image":{"@id":"https:\/\/vintouraine.com\/en\/produit\/authenticot-2016\/#primaryimage"},"thumbnailUrl":"https:\/\/vintouraine.com\/wp-content\/uploads\/2020\/11\/Domaine-La-Gabilliere_Authenticot-1.jpg","datePublished":"2020-11-05T14:49:37+00:00","dateModified":"2022-05-16T15:23:20+00:00","breadcrumb":{"@id":"https:\/\/vintouraine.com\/en\/produit\/authenticot-2016\/#breadcrumb"},"inLanguage":"en-US","potentialAction":[{"@type":"ReadAction","target":["https:\/\/vintouraine.com\/en\/produit\/authenticot-2016\/"]}]},{"@type":"ImageObject","inLanguage":"en-US","@id":"https:\/\/vintouraine.com\/en\/produit\/authenticot-2016\/#primaryimage","url":"https:\/\/vintouraine.com\/wp-content\/uploads\/2020\/11\/Domaine-La-Gabilliere_Authenticot-1.jpg","contentUrl":"https:\/\/vintouraine.com\/wp-content\/uploads\/2020\/11\/Domaine-La-Gabilliere_Authenticot-1.jpg","width":600,"height":600},{"@type":"BreadcrumbList","@id":"https:\/\/vintouraine.com\/en\/produit\/authenticot-2016\/#breadcrumb","itemListElement":[{"@type":"ListItem","position":1,"name":"Home","item":"https:\/\/vintouraine.com\/en\/"},{"@type":"ListItem","position":2,"name":"Boutique","item":"https:\/\/vintouraine.com\/boutique\/"},{"@type":"ListItem","position":3,"name":"AUTHENTIC\u00d4T 2016"}]},{"@type":"WebSite","@id":"https:\/\/vintouraine.com\/#website","url":"https:\/\/vintouraine.com\/","name":"AOC Touraine Val de Loire","description":"","publisher":{"@id":"https:\/\/vintouraine.com\/#organization"},"potentialAction":[{"@type":"SearchAction","target":{"@type":"EntryPoint","urlTemplate":"https:\/\/vintouraine.com\/?s={search_term_string}"},"query-input":{"@type":"PropertyValueSpecification","valueRequired":true,"valueName":"search_term_string"}}],"inLanguage":"en-US"},{"@type":"Organization","@id":"https:\/\/vintouraine.com\/#organization","name":"AOC TOURAINE","url":"https:\/\/vintouraine.com\/","logo":{"@type":"ImageObject","inLanguage":"en-US","@id":"https:\/\/vintouraine.com\/#\/schema\/logo\/image\/","url":"https:\/\/www.vintouraine.com\/wp-content\/uploads\/2018\/05\/logo-aoc-touraine.png","contentUrl":"https:\/\/www.vintouraine.com\/wp-content\/uploads\/2018\/05\/logo-aoc-touraine.png","width":330,"height":85,"caption":"AOC TOURAINE"},"image":{"@id":"https:\/\/vintouraine.com\/#\/schema\/logo\/image\/"},"sameAs":["https:\/\/www.facebook.com\/aoctouraine\/","https:\/\/x.com\/AOCTouraine"]}]}},"_links":{"self":[{"href":"https:\/\/vintouraine.com\/en\/wp-json\/wp\/v2\/product\/5016\/"}],"collection":[{"href":"https:\/\/vintouraine.com\/en\/wp-json\/wp\/v2\/product\/"}],"about":[{"href":"https:\/\/vintouraine.com\/en\/wp-json\/wp\/v2\/types\/product\/"}],"wp:featuredmedia":[{"embeddable":true,"href":"https:\/\/vintouraine.com\/en\/wp-json\/wp\/v2\/media\/4974\/"}],"wp:attachment":[{"href":"https:\/\/vintouraine.com\/en\/wp-json\/wp\/v2\/media\/?parent=5016"}],"wp:term":[{"taxonomy":"product_brand","embeddable":true,"href":"https:\/\/vintouraine.com\/en\/wp-json\/wp\/v2\/product_brand\/?post=5016"},{"taxonomy":"product_cat","embeddable":true,"href":"https:\/\/vintouraine.com\/en\/wp-json\/wp\/v2\/product_cat\/?post=5016"},{"taxonomy":"product_tag","embeddable":true,"href":"https:\/\/vintouraine.com\/en\/wp-json\/wp\/v2\/product_tag\/?post=5016"}],"curies":[{"name":"wp","href":"https:\/\/api.w.org\/{rel}","templated":true}]}}