{"id":5014,"date":"2020-11-05T15:44:27","date_gmt":"2020-11-05T14:44:27","guid":{"rendered":"https:\/\/www.vintouraine.com\/?post_type=product&#038;p=5014"},"modified":"2022-05-16T17:23:23","modified_gmt":"2022-05-16T15:23:23","slug":"touraine-rouge-2019","status":"publish","type":"product","link":"https:\/\/vintouraine.com\/en\/produit\/touraine-rouge-2019\/","title":{"rendered":"TOURAINE ROUGE 2019"},"content":{"rendered":"","protected":false},"excerpt":{"rendered":"<p><strong>Appellation&nbsp;:<\/strong> AOC Touraine<\/p>\n<p><strong>Couleur&nbsp;:<\/strong> Rouge<\/p>\n<p><strong>Descriptif&nbsp;:<br \/>\n<\/strong>Assemblage \u00e0 majorit\u00e9 gamay.<br \/>\nBelle robe couleur grenat aux reflets pourpres. Les ar\u00f4mes \u00e9pic\u00e9s de cannelle et de poivre flattent le nez tout en laissant deviner de subtiles notes de griotte.<br \/>\nSes s\u00e9duisants ar\u00f4mes d&#8217;\u00e9pices et de cr\u00e8me de m\u00fbre enveloppent le palais et laissent place \u00e0 une finale tout en rondeur. Ses tannins discrets apportent souplesse et \u00e9quilibre.<\/p>\n<p><strong>Lien vers site&nbsp;:<\/strong> <a href=\"https:\/\/lagabilliere.fr\/vins-rouges\/28-touraine-rouge-2019.html\" target=\"_blank\" rel=\"noopener noreferrer\">https:\/\/lagabilliere.fr\/vins-rouges\/28-touraine-rouge-2019.html<\/a><\/p>","protected":false},"featured_media":4978,"template":"","meta":{"_acf_changed":false,"ngg_post_thumbnail":0},"product_brand":[],"product_cat":[86],"product_tag":[],"class_list":{"0":"post-5014","1":"product","2":"type-product","3":"status-publish","4":"has-post-thumbnail","6":"product_cat-domaine-de-la-gabilliere","8":"first","9":"outofstock","10":"taxable","11":"shipping-taxable","12":"purchasable","13":"product-type-simple"},"acf":[],"yoast_head":"<!-- This site is optimized with the Yoast SEO plugin v27.4 - https:\/\/yoast.com\/product\/yoast-seo-wordpress\/ -->\n<title>TOURAINE ROUGE 2019 - AOC Touraine Val de Loire<\/title>\n<meta name=\"robots\" content=\"index, follow, max-snippet:-1, max-image-preview:large, max-video-preview:-1\" \/>\n<link rel=\"canonical\" href=\"https:\/\/vintouraine.com\/en\/produit\/touraine-rouge-2019\/\" \/>\n<meta property=\"og:locale\" content=\"en_US\" \/>\n<meta property=\"og:type\" content=\"article\" \/>\n<meta property=\"og:title\" content=\"TOURAINE ROUGE 2019 - AOC Touraine Val de Loire\" \/>\n<meta property=\"og:description\" content=\"Appellation&nbsp;: AOC Touraine  Couleur&nbsp;: Rouge  Descriptif&nbsp;: Assemblage \u00e0 majorit\u00e9 gamay. Belle robe couleur grenat aux reflets pourpres. Les ar\u00f4mes \u00e9pic\u00e9s de cannelle et de poivre flattent le nez tout en laissant deviner de subtiles notes de griotte. Ses s\u00e9duisants ar\u00f4mes d&#039;\u00e9pices et de cr\u00e8me de m\u00fbre enveloppent le palais et laissent place \u00e0 une finale tout en rondeur. Ses tannins discrets apportent souplesse et \u00e9quilibre.  Lien vers site&nbsp;: https:\/\/lagabilliere.fr\/vins-rouges\/28-touraine-rouge-2019.html\" \/>\n<meta property=\"og:url\" content=\"https:\/\/vintouraine.com\/produit\/touraine-rouge-2019\/\" \/>\n<meta property=\"og:site_name\" content=\"AOC Touraine Val de Loire\" \/>\n<meta property=\"article:publisher\" content=\"https:\/\/www.facebook.com\/aoctouraine\/\" \/>\n<meta property=\"article:modified_time\" content=\"2022-05-16T15:23:23+00:00\" \/>\n<meta property=\"og:image\" content=\"https:\/\/vintouraine.com\/wp-content\/uploads\/2020\/11\/Domaine-La-Gabilliere_Touraine-Rouge.jpg\" \/>\n\t<meta property=\"og:image:width\" content=\"600\" \/>\n\t<meta property=\"og:image:height\" content=\"600\" \/>\n\t<meta property=\"og:image:type\" content=\"image\/jpeg\" \/>\n<meta name=\"twitter:card\" content=\"summary_large_image\" \/>\n<meta name=\"twitter:site\" content=\"@AOCTouraine\" \/>\n<script type=\"application\/ld+json\" class=\"yoast-schema-graph\">{\"@context\":\"https:\\\/\\\/schema.org\",\"@graph\":[{\"@type\":\"WebPage\",\"@id\":\"https:\\\/\\\/vintouraine.com\\\/produit\\\/touraine-rouge-2019\\\/\",\"url\":\"https:\\\/\\\/vintouraine.com\\\/produit\\\/touraine-rouge-2019\\\/\",\"name\":\"TOURAINE ROUGE 2019 - AOC Touraine Val de Loire\",\"isPartOf\":{\"@id\":\"https:\\\/\\\/vintouraine.com\\\/#website\"},\"primaryImageOfPage\":{\"@id\":\"https:\\\/\\\/vintouraine.com\\\/produit\\\/touraine-rouge-2019\\\/#primaryimage\"},\"image\":{\"@id\":\"https:\\\/\\\/vintouraine.com\\\/produit\\\/touraine-rouge-2019\\\/#primaryimage\"},\"thumbnailUrl\":\"https:\\\/\\\/vintouraine.com\\\/wp-content\\\/uploads\\\/2020\\\/11\\\/Domaine-La-Gabilliere_Touraine-Rouge.jpg\",\"datePublished\":\"2020-11-05T14:44:27+00:00\",\"dateModified\":\"2022-05-16T15:23:23+00:00\",\"breadcrumb\":{\"@id\":\"https:\\\/\\\/vintouraine.com\\\/produit\\\/touraine-rouge-2019\\\/#breadcrumb\"},\"inLanguage\":\"en-US\",\"potentialAction\":[{\"@type\":\"ReadAction\",\"target\":[\"https:\\\/\\\/vintouraine.com\\\/produit\\\/touraine-rouge-2019\\\/\"]}]},{\"@type\":\"ImageObject\",\"inLanguage\":\"en-US\",\"@id\":\"https:\\\/\\\/vintouraine.com\\\/produit\\\/touraine-rouge-2019\\\/#primaryimage\",\"url\":\"https:\\\/\\\/vintouraine.com\\\/wp-content\\\/uploads\\\/2020\\\/11\\\/Domaine-La-Gabilliere_Touraine-Rouge.jpg\",\"contentUrl\":\"https:\\\/\\\/vintouraine.com\\\/wp-content\\\/uploads\\\/2020\\\/11\\\/Domaine-La-Gabilliere_Touraine-Rouge.jpg\",\"width\":600,\"height\":600},{\"@type\":\"BreadcrumbList\",\"@id\":\"https:\\\/\\\/vintouraine.com\\\/produit\\\/touraine-rouge-2019\\\/#breadcrumb\",\"itemListElement\":[{\"@type\":\"ListItem\",\"position\":1,\"name\":\"Home\",\"item\":\"https:\\\/\\\/vintouraine.com\\\/en\\\/\"},{\"@type\":\"ListItem\",\"position\":2,\"name\":\"Boutique\",\"item\":\"https:\\\/\\\/vintouraine.com\\\/boutique\\\/\"},{\"@type\":\"ListItem\",\"position\":3,\"name\":\"TOURAINE ROUGE 2019\"}]},{\"@type\":\"WebSite\",\"@id\":\"https:\\\/\\\/vintouraine.com\\\/#website\",\"url\":\"https:\\\/\\\/vintouraine.com\\\/\",\"name\":\"AOC Touraine Val de Loire\",\"description\":\"\",\"publisher\":{\"@id\":\"https:\\\/\\\/vintouraine.com\\\/#organization\"},\"potentialAction\":[{\"@type\":\"SearchAction\",\"target\":{\"@type\":\"EntryPoint\",\"urlTemplate\":\"https:\\\/\\\/vintouraine.com\\\/?s={search_term_string}\"},\"query-input\":{\"@type\":\"PropertyValueSpecification\",\"valueRequired\":true,\"valueName\":\"search_term_string\"}}],\"inLanguage\":\"en-US\"},{\"@type\":\"Organization\",\"@id\":\"https:\\\/\\\/vintouraine.com\\\/#organization\",\"name\":\"AOC TOURAINE\",\"url\":\"https:\\\/\\\/vintouraine.com\\\/\",\"logo\":{\"@type\":\"ImageObject\",\"inLanguage\":\"en-US\",\"@id\":\"https:\\\/\\\/vintouraine.com\\\/#\\\/schema\\\/logo\\\/image\\\/\",\"url\":\"https:\\\/\\\/www.vintouraine.com\\\/wp-content\\\/uploads\\\/2018\\\/05\\\/logo-aoc-touraine.png\",\"contentUrl\":\"https:\\\/\\\/www.vintouraine.com\\\/wp-content\\\/uploads\\\/2018\\\/05\\\/logo-aoc-touraine.png\",\"width\":330,\"height\":85,\"caption\":\"AOC TOURAINE\"},\"image\":{\"@id\":\"https:\\\/\\\/vintouraine.com\\\/#\\\/schema\\\/logo\\\/image\\\/\"},\"sameAs\":[\"https:\\\/\\\/www.facebook.com\\\/aoctouraine\\\/\",\"https:\\\/\\\/x.com\\\/AOCTouraine\"]}]}<\/script>\n<!-- \/ Yoast SEO plugin. -->","yoast_head_json":{"title":"TOURAINE ROUGE 2019 - AOC Touraine Val de Loire","robots":{"index":"index","follow":"follow","max-snippet":"max-snippet:-1","max-image-preview":"max-image-preview:large","max-video-preview":"max-video-preview:-1"},"canonical":"https:\/\/vintouraine.com\/en\/produit\/touraine-rouge-2019\/","og_locale":"en_US","og_type":"article","og_title":"TOURAINE ROUGE 2019 - AOC Touraine Val de Loire","og_description":"Appellation&nbsp;: AOC Touraine  Couleur&nbsp;: Rouge  Descriptif&nbsp;: Assemblage \u00e0 majorit\u00e9 gamay. Belle robe couleur grenat aux reflets pourpres. Les ar\u00f4mes \u00e9pic\u00e9s de cannelle et de poivre flattent le nez tout en laissant deviner de subtiles notes de griotte. Ses s\u00e9duisants ar\u00f4mes d'\u00e9pices et de cr\u00e8me de m\u00fbre enveloppent le palais et laissent place \u00e0 une finale tout en rondeur. Ses tannins discrets apportent souplesse et \u00e9quilibre.  Lien vers site&nbsp;: https:\/\/lagabilliere.fr\/vins-rouges\/28-touraine-rouge-2019.html","og_url":"https:\/\/vintouraine.com\/produit\/touraine-rouge-2019\/","og_site_name":"AOC Touraine Val de Loire","article_publisher":"https:\/\/www.facebook.com\/aoctouraine\/","article_modified_time":"2022-05-16T15:23:23+00:00","og_image":[{"width":600,"height":600,"url":"https:\/\/vintouraine.com\/wp-content\/uploads\/2020\/11\/Domaine-La-Gabilliere_Touraine-Rouge.jpg","type":"image\/jpeg"}],"twitter_card":"summary_large_image","twitter_site":"@AOCTouraine","schema":{"@context":"https:\/\/schema.org","@graph":[{"@type":"WebPage","@id":"https:\/\/vintouraine.com\/produit\/touraine-rouge-2019\/","url":"https:\/\/vintouraine.com\/produit\/touraine-rouge-2019\/","name":"TOURAINE ROUGE 2019 - AOC Touraine Val de Loire","isPartOf":{"@id":"https:\/\/vintouraine.com\/#website"},"primaryImageOfPage":{"@id":"https:\/\/vintouraine.com\/produit\/touraine-rouge-2019\/#primaryimage"},"image":{"@id":"https:\/\/vintouraine.com\/produit\/touraine-rouge-2019\/#primaryimage"},"thumbnailUrl":"https:\/\/vintouraine.com\/wp-content\/uploads\/2020\/11\/Domaine-La-Gabilliere_Touraine-Rouge.jpg","datePublished":"2020-11-05T14:44:27+00:00","dateModified":"2022-05-16T15:23:23+00:00","breadcrumb":{"@id":"https:\/\/vintouraine.com\/produit\/touraine-rouge-2019\/#breadcrumb"},"inLanguage":"en-US","potentialAction":[{"@type":"ReadAction","target":["https:\/\/vintouraine.com\/produit\/touraine-rouge-2019\/"]}]},{"@type":"ImageObject","inLanguage":"en-US","@id":"https:\/\/vintouraine.com\/produit\/touraine-rouge-2019\/#primaryimage","url":"https:\/\/vintouraine.com\/wp-content\/uploads\/2020\/11\/Domaine-La-Gabilliere_Touraine-Rouge.jpg","contentUrl":"https:\/\/vintouraine.com\/wp-content\/uploads\/2020\/11\/Domaine-La-Gabilliere_Touraine-Rouge.jpg","width":600,"height":600},{"@type":"BreadcrumbList","@id":"https:\/\/vintouraine.com\/produit\/touraine-rouge-2019\/#breadcrumb","itemListElement":[{"@type":"ListItem","position":1,"name":"Home","item":"https:\/\/vintouraine.com\/en\/"},{"@type":"ListItem","position":2,"name":"Boutique","item":"https:\/\/vintouraine.com\/boutique\/"},{"@type":"ListItem","position":3,"name":"TOURAINE ROUGE 2019"}]},{"@type":"WebSite","@id":"https:\/\/vintouraine.com\/#website","url":"https:\/\/vintouraine.com\/","name":"AOC Touraine Val de Loire","description":"","publisher":{"@id":"https:\/\/vintouraine.com\/#organization"},"potentialAction":[{"@type":"SearchAction","target":{"@type":"EntryPoint","urlTemplate":"https:\/\/vintouraine.com\/?s={search_term_string}"},"query-input":{"@type":"PropertyValueSpecification","valueRequired":true,"valueName":"search_term_string"}}],"inLanguage":"en-US"},{"@type":"Organization","@id":"https:\/\/vintouraine.com\/#organization","name":"AOC TOURAINE","url":"https:\/\/vintouraine.com\/","logo":{"@type":"ImageObject","inLanguage":"en-US","@id":"https:\/\/vintouraine.com\/#\/schema\/logo\/image\/","url":"https:\/\/www.vintouraine.com\/wp-content\/uploads\/2018\/05\/logo-aoc-touraine.png","contentUrl":"https:\/\/www.vintouraine.com\/wp-content\/uploads\/2018\/05\/logo-aoc-touraine.png","width":330,"height":85,"caption":"AOC TOURAINE"},"image":{"@id":"https:\/\/vintouraine.com\/#\/schema\/logo\/image\/"},"sameAs":["https:\/\/www.facebook.com\/aoctouraine\/","https:\/\/x.com\/AOCTouraine"]}]}},"_links":{"self":[{"href":"https:\/\/vintouraine.com\/en\/wp-json\/wp\/v2\/product\/5014\/"}],"collection":[{"href":"https:\/\/vintouraine.com\/en\/wp-json\/wp\/v2\/product\/"}],"about":[{"href":"https:\/\/vintouraine.com\/en\/wp-json\/wp\/v2\/types\/product\/"}],"wp:featuredmedia":[{"embeddable":true,"href":"https:\/\/vintouraine.com\/en\/wp-json\/wp\/v2\/media\/4978\/"}],"wp:attachment":[{"href":"https:\/\/vintouraine.com\/en\/wp-json\/wp\/v2\/media\/?parent=5014"}],"wp:term":[{"taxonomy":"product_brand","embeddable":true,"href":"https:\/\/vintouraine.com\/en\/wp-json\/wp\/v2\/product_brand\/?post=5014"},{"taxonomy":"product_cat","embeddable":true,"href":"https:\/\/vintouraine.com\/en\/wp-json\/wp\/v2\/product_cat\/?post=5014"},{"taxonomy":"product_tag","embeddable":true,"href":"https:\/\/vintouraine.com\/en\/wp-json\/wp\/v2\/product_tag\/?post=5014"}],"curies":[{"name":"wp","href":"https:\/\/api.w.org\/{rel}","templated":true}]}}