{"id":4874,"date":"2020-11-05T10:20:41","date_gmt":"2020-11-05T09:20:41","guid":{"rendered":"https:\/\/www.vintouraine.com\/?post_type=product&#038;p=4874"},"modified":"2022-05-16T17:23:50","modified_gmt":"2022-05-16T15:23:50","slug":"les-griottines","status":"publish","type":"product","link":"https:\/\/vintouraine.com\/en\/produit\/les-griottines\/","title":{"rendered":"LES GRIOTTINES"},"content":{"rendered":"","protected":false},"excerpt":{"rendered":"<p><strong>Appellation&nbsp;:<\/strong> AOC Touraine<\/p>\n<p><strong>Couleur&nbsp;:<\/strong> Rouge<\/p>\n<p><strong>Descriptif&nbsp;:<br \/>\n<\/strong><span style=\"text-decoration: underline;\">CEPAGE<\/span> : Gamay noir \u00e0 jus blanc.<br \/>\n<span style=\"text-decoration: underline;\">AGE DES VIGNES<\/span> : 10 \u00e0 35 ans.<br \/>\n<span style=\"text-decoration: underline;\">D\u00c9GUSTATION<\/span> : Robe rouge vif, ar\u00f4mes de fruits rouges (cerises), c\u2019est un vin l\u00e9ger et gouleyant.<br \/>\n<span style=\"text-decoration: underline;\">SERVICE<\/span> : Accord met&nbsp;: grillades, viandes blanches, charcuterie locale (rillons de Touraine)-servir \u00e0 13-14\u00b0. Aptitude au vieillissement&nbsp;: se boit dans les 2 ans.<\/p>\n<p><strong>Lien vers site&nbsp;:<\/strong> <a href=\"http:\/\/www.domainedescorbillieres.com\/assets\/les-griottines.pdf\" target=\"_blank\" rel=\"noopener noreferrer\">http:\/\/www.domainedescorbillieres.com\/assets\/les-griottines.pdf<\/a><\/p>","protected":false},"featured_media":4823,"template":"","meta":{"_acf_changed":false,"ngg_post_thumbnail":0},"product_brand":[],"product_cat":[83],"product_tag":[],"class_list":{"0":"post-4874","1":"product","2":"type-product","3":"status-publish","4":"has-post-thumbnail","6":"product_cat-domaine-des-corbilleres","8":"first","9":"outofstock","10":"taxable","11":"shipping-taxable","12":"purchasable","13":"product-type-simple"},"acf":[],"yoast_head":"<!-- This site is optimized with the Yoast SEO plugin v27.3 - https:\/\/yoast.com\/product\/yoast-seo-wordpress\/ -->\n<title>LES GRIOTTINES - AOC Touraine Val de Loire<\/title>\n<meta name=\"robots\" content=\"index, follow, max-snippet:-1, max-image-preview:large, max-video-preview:-1\" \/>\n<link rel=\"canonical\" href=\"https:\/\/vintouraine.com\/en\/produit\/les-griottines\/\" \/>\n<meta property=\"og:locale\" content=\"en_US\" \/>\n<meta property=\"og:type\" content=\"article\" \/>\n<meta property=\"og:title\" content=\"LES GRIOTTINES - AOC Touraine Val de Loire\" \/>\n<meta property=\"og:description\" content=\"Appellation&nbsp;: AOC Touraine  Couleur&nbsp;: Rouge  Descriptif&nbsp;: CEPAGE : Gamay noir \u00e0 jus blanc. AGE DES VIGNES : 10 \u00e0 35 ans. D\u00c9GUSTATION : Robe rouge vif, ar\u00f4mes de fruits rouges (cerises), c\u2019est un vin l\u00e9ger et gouleyant. SERVICE : Accord met : grillades, viandes blanches, charcuterie locale (rillons de Touraine)-servir \u00e0 13-14\u00b0. Aptitude au vieillissement : se boit dans les 2 ans.  Lien vers site&nbsp;: http:\/\/www.domainedescorbillieres.com\/assets\/les-griottines.pdf\" \/>\n<meta property=\"og:url\" content=\"https:\/\/vintouraine.com\/produit\/les-griottines\/\" \/>\n<meta property=\"og:site_name\" content=\"AOC Touraine Val de Loire\" \/>\n<meta property=\"article:publisher\" content=\"https:\/\/www.facebook.com\/aoctouraine\/\" \/>\n<meta property=\"article:modified_time\" content=\"2022-05-16T15:23:50+00:00\" \/>\n<meta property=\"og:image\" content=\"https:\/\/vintouraine.com\/wp-content\/uploads\/2020\/11\/Domaine-des-Corbillieres_Les-Griottines.jpg\" \/>\n\t<meta property=\"og:image:width\" content=\"600\" \/>\n\t<meta property=\"og:image:height\" content=\"600\" \/>\n\t<meta property=\"og:image:type\" content=\"image\/jpeg\" \/>\n<meta name=\"twitter:card\" content=\"summary_large_image\" \/>\n<meta name=\"twitter:site\" content=\"@AOCTouraine\" \/>\n<script type=\"application\/ld+json\" class=\"yoast-schema-graph\">{\"@context\":\"https:\\\/\\\/schema.org\",\"@graph\":[{\"@type\":\"WebPage\",\"@id\":\"https:\\\/\\\/vintouraine.com\\\/produit\\\/les-griottines\\\/\",\"url\":\"https:\\\/\\\/vintouraine.com\\\/produit\\\/les-griottines\\\/\",\"name\":\"LES GRIOTTINES - AOC Touraine Val de Loire\",\"isPartOf\":{\"@id\":\"https:\\\/\\\/vintouraine.com\\\/#website\"},\"primaryImageOfPage\":{\"@id\":\"https:\\\/\\\/vintouraine.com\\\/produit\\\/les-griottines\\\/#primaryimage\"},\"image\":{\"@id\":\"https:\\\/\\\/vintouraine.com\\\/produit\\\/les-griottines\\\/#primaryimage\"},\"thumbnailUrl\":\"https:\\\/\\\/vintouraine.com\\\/wp-content\\\/uploads\\\/2020\\\/11\\\/Domaine-des-Corbillieres_Les-Griottines.jpg\",\"datePublished\":\"2020-11-05T09:20:41+00:00\",\"dateModified\":\"2022-05-16T15:23:50+00:00\",\"breadcrumb\":{\"@id\":\"https:\\\/\\\/vintouraine.com\\\/produit\\\/les-griottines\\\/#breadcrumb\"},\"inLanguage\":\"en-US\",\"potentialAction\":[{\"@type\":\"ReadAction\",\"target\":[\"https:\\\/\\\/vintouraine.com\\\/produit\\\/les-griottines\\\/\"]}]},{\"@type\":\"ImageObject\",\"inLanguage\":\"en-US\",\"@id\":\"https:\\\/\\\/vintouraine.com\\\/produit\\\/les-griottines\\\/#primaryimage\",\"url\":\"https:\\\/\\\/vintouraine.com\\\/wp-content\\\/uploads\\\/2020\\\/11\\\/Domaine-des-Corbillieres_Les-Griottines.jpg\",\"contentUrl\":\"https:\\\/\\\/vintouraine.com\\\/wp-content\\\/uploads\\\/2020\\\/11\\\/Domaine-des-Corbillieres_Les-Griottines.jpg\",\"width\":600,\"height\":600},{\"@type\":\"BreadcrumbList\",\"@id\":\"https:\\\/\\\/vintouraine.com\\\/produit\\\/les-griottines\\\/#breadcrumb\",\"itemListElement\":[{\"@type\":\"ListItem\",\"position\":1,\"name\":\"Home\",\"item\":\"https:\\\/\\\/vintouraine.com\\\/en\\\/\"},{\"@type\":\"ListItem\",\"position\":2,\"name\":\"Boutique\",\"item\":\"https:\\\/\\\/vintouraine.com\\\/boutique\\\/\"},{\"@type\":\"ListItem\",\"position\":3,\"name\":\"LES GRIOTTINES\"}]},{\"@type\":\"WebSite\",\"@id\":\"https:\\\/\\\/vintouraine.com\\\/#website\",\"url\":\"https:\\\/\\\/vintouraine.com\\\/\",\"name\":\"AOC Touraine Val de Loire\",\"description\":\"\",\"publisher\":{\"@id\":\"https:\\\/\\\/vintouraine.com\\\/#organization\"},\"potentialAction\":[{\"@type\":\"SearchAction\",\"target\":{\"@type\":\"EntryPoint\",\"urlTemplate\":\"https:\\\/\\\/vintouraine.com\\\/?s={search_term_string}\"},\"query-input\":{\"@type\":\"PropertyValueSpecification\",\"valueRequired\":true,\"valueName\":\"search_term_string\"}}],\"inLanguage\":\"en-US\"},{\"@type\":\"Organization\",\"@id\":\"https:\\\/\\\/vintouraine.com\\\/#organization\",\"name\":\"AOC TOURAINE\",\"url\":\"https:\\\/\\\/vintouraine.com\\\/\",\"logo\":{\"@type\":\"ImageObject\",\"inLanguage\":\"en-US\",\"@id\":\"https:\\\/\\\/vintouraine.com\\\/#\\\/schema\\\/logo\\\/image\\\/\",\"url\":\"https:\\\/\\\/www.vintouraine.com\\\/wp-content\\\/uploads\\\/2018\\\/05\\\/logo-aoc-touraine.png\",\"contentUrl\":\"https:\\\/\\\/www.vintouraine.com\\\/wp-content\\\/uploads\\\/2018\\\/05\\\/logo-aoc-touraine.png\",\"width\":330,\"height\":85,\"caption\":\"AOC TOURAINE\"},\"image\":{\"@id\":\"https:\\\/\\\/vintouraine.com\\\/#\\\/schema\\\/logo\\\/image\\\/\"},\"sameAs\":[\"https:\\\/\\\/www.facebook.com\\\/aoctouraine\\\/\",\"https:\\\/\\\/x.com\\\/AOCTouraine\"]}]}<\/script>\n<!-- \/ Yoast SEO plugin. -->","yoast_head_json":{"title":"LES GRIOTTINES - AOC Touraine Val de Loire","robots":{"index":"index","follow":"follow","max-snippet":"max-snippet:-1","max-image-preview":"max-image-preview:large","max-video-preview":"max-video-preview:-1"},"canonical":"https:\/\/vintouraine.com\/en\/produit\/les-griottines\/","og_locale":"en_US","og_type":"article","og_title":"LES GRIOTTINES - AOC Touraine Val de Loire","og_description":"Appellation&nbsp;: AOC Touraine  Couleur&nbsp;: Rouge  Descriptif&nbsp;: CEPAGE : Gamay noir \u00e0 jus blanc. AGE DES VIGNES : 10 \u00e0 35 ans. D\u00c9GUSTATION : Robe rouge vif, ar\u00f4mes de fruits rouges (cerises), c\u2019est un vin l\u00e9ger et gouleyant. SERVICE : Accord met : grillades, viandes blanches, charcuterie locale (rillons de Touraine)-servir \u00e0 13-14\u00b0. Aptitude au vieillissement : se boit dans les 2 ans.  Lien vers site&nbsp;: http:\/\/www.domainedescorbillieres.com\/assets\/les-griottines.pdf","og_url":"https:\/\/vintouraine.com\/produit\/les-griottines\/","og_site_name":"AOC Touraine Val de Loire","article_publisher":"https:\/\/www.facebook.com\/aoctouraine\/","article_modified_time":"2022-05-16T15:23:50+00:00","og_image":[{"width":600,"height":600,"url":"https:\/\/vintouraine.com\/wp-content\/uploads\/2020\/11\/Domaine-des-Corbillieres_Les-Griottines.jpg","type":"image\/jpeg"}],"twitter_card":"summary_large_image","twitter_site":"@AOCTouraine","schema":{"@context":"https:\/\/schema.org","@graph":[{"@type":"WebPage","@id":"https:\/\/vintouraine.com\/produit\/les-griottines\/","url":"https:\/\/vintouraine.com\/produit\/les-griottines\/","name":"LES GRIOTTINES - AOC Touraine Val de Loire","isPartOf":{"@id":"https:\/\/vintouraine.com\/#website"},"primaryImageOfPage":{"@id":"https:\/\/vintouraine.com\/produit\/les-griottines\/#primaryimage"},"image":{"@id":"https:\/\/vintouraine.com\/produit\/les-griottines\/#primaryimage"},"thumbnailUrl":"https:\/\/vintouraine.com\/wp-content\/uploads\/2020\/11\/Domaine-des-Corbillieres_Les-Griottines.jpg","datePublished":"2020-11-05T09:20:41+00:00","dateModified":"2022-05-16T15:23:50+00:00","breadcrumb":{"@id":"https:\/\/vintouraine.com\/produit\/les-griottines\/#breadcrumb"},"inLanguage":"en-US","potentialAction":[{"@type":"ReadAction","target":["https:\/\/vintouraine.com\/produit\/les-griottines\/"]}]},{"@type":"ImageObject","inLanguage":"en-US","@id":"https:\/\/vintouraine.com\/produit\/les-griottines\/#primaryimage","url":"https:\/\/vintouraine.com\/wp-content\/uploads\/2020\/11\/Domaine-des-Corbillieres_Les-Griottines.jpg","contentUrl":"https:\/\/vintouraine.com\/wp-content\/uploads\/2020\/11\/Domaine-des-Corbillieres_Les-Griottines.jpg","width":600,"height":600},{"@type":"BreadcrumbList","@id":"https:\/\/vintouraine.com\/produit\/les-griottines\/#breadcrumb","itemListElement":[{"@type":"ListItem","position":1,"name":"Home","item":"https:\/\/vintouraine.com\/en\/"},{"@type":"ListItem","position":2,"name":"Boutique","item":"https:\/\/vintouraine.com\/boutique\/"},{"@type":"ListItem","position":3,"name":"LES GRIOTTINES"}]},{"@type":"WebSite","@id":"https:\/\/vintouraine.com\/#website","url":"https:\/\/vintouraine.com\/","name":"AOC Touraine Val de Loire","description":"","publisher":{"@id":"https:\/\/vintouraine.com\/#organization"},"potentialAction":[{"@type":"SearchAction","target":{"@type":"EntryPoint","urlTemplate":"https:\/\/vintouraine.com\/?s={search_term_string}"},"query-input":{"@type":"PropertyValueSpecification","valueRequired":true,"valueName":"search_term_string"}}],"inLanguage":"en-US"},{"@type":"Organization","@id":"https:\/\/vintouraine.com\/#organization","name":"AOC TOURAINE","url":"https:\/\/vintouraine.com\/","logo":{"@type":"ImageObject","inLanguage":"en-US","@id":"https:\/\/vintouraine.com\/#\/schema\/logo\/image\/","url":"https:\/\/www.vintouraine.com\/wp-content\/uploads\/2018\/05\/logo-aoc-touraine.png","contentUrl":"https:\/\/www.vintouraine.com\/wp-content\/uploads\/2018\/05\/logo-aoc-touraine.png","width":330,"height":85,"caption":"AOC TOURAINE"},"image":{"@id":"https:\/\/vintouraine.com\/#\/schema\/logo\/image\/"},"sameAs":["https:\/\/www.facebook.com\/aoctouraine\/","https:\/\/x.com\/AOCTouraine"]}]}},"_links":{"self":[{"href":"https:\/\/vintouraine.com\/en\/wp-json\/wp\/v2\/product\/4874\/"}],"collection":[{"href":"https:\/\/vintouraine.com\/en\/wp-json\/wp\/v2\/product\/"}],"about":[{"href":"https:\/\/vintouraine.com\/en\/wp-json\/wp\/v2\/types\/product\/"}],"wp:featuredmedia":[{"embeddable":true,"href":"https:\/\/vintouraine.com\/en\/wp-json\/wp\/v2\/media\/4823\/"}],"wp:attachment":[{"href":"https:\/\/vintouraine.com\/en\/wp-json\/wp\/v2\/media\/?parent=4874"}],"wp:term":[{"taxonomy":"product_brand","embeddable":true,"href":"https:\/\/vintouraine.com\/en\/wp-json\/wp\/v2\/product_brand\/?post=4874"},{"taxonomy":"product_cat","embeddable":true,"href":"https:\/\/vintouraine.com\/en\/wp-json\/wp\/v2\/product_cat\/?post=4874"},{"taxonomy":"product_tag","embeddable":true,"href":"https:\/\/vintouraine.com\/en\/wp-json\/wp\/v2\/product_tag\/?post=4874"}],"curies":[{"name":"wp","href":"https:\/\/api.w.org\/{rel}","templated":true}]}}