{"id":4853,"date":"2020-11-04T16:19:42","date_gmt":"2020-11-04T15:19:42","guid":{"rendered":"https:\/\/www.vintouraine.com\/?post_type=product&#038;p=4853"},"modified":"2022-05-16T17:24:12","modified_gmt":"2022-05-16T15:24:12","slug":"fines-bulles-de-touraine-blanc-brut","status":"publish","type":"product","link":"https:\/\/vintouraine.com\/en\/produit\/fines-bulles-de-touraine-blanc-brut\/","title":{"rendered":"FINES BULLES DE TOURAINE BLANC BRUT"},"content":{"rendered":"","protected":false},"excerpt":{"rendered":"<p><strong>Appellation&nbsp;:<\/strong> AOC Touraine<\/p>\n<p><strong>Couleur&nbsp;:<\/strong> Effervescent<\/p>\n<p><strong>Descriptif&nbsp;:<br \/>\n<\/strong>Vin blanc brut, \u00e9labor\u00e9 selon la m\u00e9thode dite champenoise durant un an de travail et de minutieuses attentions. Cette cuv\u00e9e est sur lattes depuis 24 mois.<br \/>\nLe c\u00e9page est le CHENIN BLANC (ou PINEAU DE LA LOIRE).<br \/>\nL\u2019\u00e2ge moyen des vignes est de 50 ans, la parcelle la plus vieille \u00e9tant centenaire.<br \/>\n<span style=\"text-decoration: underline;\">DEGUSTATION<\/span> :&nbsp; A l&#8217;ap\u00e9ritif, servi frapp\u00e9 mais non glac\u00e9, il sera parfait. C\u2019est un vin de f\u00eate.<\/p>\n<p><strong>Lien vers site&nbsp;:<\/strong> <a href=\"https:\/\/www.domaine-de-la-chaise-41.com\/fines-bulles-de-touraine-blanc\" target=\"_blank\" rel=\"noopener noreferrer\">https:\/\/www.domaine-de-la-chaise-41.com\/fines-bulles-de-touraine-blanc<\/a><\/p>","protected":false},"featured_media":4795,"template":"","meta":{"_acf_changed":false,"ngg_post_thumbnail":0},"product_brand":[],"product_cat":[79],"product_tag":[],"class_list":{"0":"post-4853","1":"product","2":"type-product","3":"status-publish","4":"has-post-thumbnail","6":"product_cat-domaine-de-la-chaise","8":"first","9":"outofstock","10":"taxable","11":"shipping-taxable","12":"purchasable","13":"product-type-simple"},"acf":[],"yoast_head":"<!-- This site is optimized with the Yoast SEO plugin v27.5 - https:\/\/yoast.com\/product\/yoast-seo-wordpress\/ -->\n<title>FINES BULLES DE TOURAINE BLANC BRUT - AOC Touraine Val de Loire<\/title>\n<meta name=\"robots\" content=\"index, follow, max-snippet:-1, max-image-preview:large, max-video-preview:-1\" \/>\n<link rel=\"canonical\" href=\"https:\/\/vintouraine.com\/en\/produit\/fines-bulles-de-touraine-blanc-brut\/\" \/>\n<meta property=\"og:locale\" content=\"en_US\" \/>\n<meta property=\"og:type\" content=\"article\" \/>\n<meta property=\"og:title\" content=\"FINES BULLES DE TOURAINE BLANC BRUT - AOC Touraine Val de Loire\" \/>\n<meta property=\"og:description\" content=\"Appellation&nbsp;: AOC Touraine  Couleur&nbsp;: Effervescent  Descriptif&nbsp;: Vin blanc brut, \u00e9labor\u00e9 selon la m\u00e9thode dite champenoise durant un an de travail et de minutieuses attentions. Cette cuv\u00e9e est sur lattes depuis 24 mois. Le c\u00e9page est le CHENIN BLANC (ou PINEAU DE LA LOIRE). L\u2019\u00e2ge moyen des vignes est de 50 ans, la parcelle la plus vieille \u00e9tant centenaire. DEGUSTATION :&nbsp; A l&#039;ap\u00e9ritif, servi frapp\u00e9 mais non glac\u00e9, il sera parfait. C\u2019est un vin de f\u00eate.  Lien vers site&nbsp;: https:\/\/www.domaine-de-la-chaise-41.com\/fines-bulles-de-touraine-blanc\" \/>\n<meta property=\"og:url\" content=\"https:\/\/vintouraine.com\/en\/produit\/fines-bulles-de-touraine-blanc-brut\/\" \/>\n<meta property=\"og:site_name\" content=\"AOC Touraine Val de Loire\" \/>\n<meta property=\"article:publisher\" content=\"https:\/\/www.facebook.com\/aoctouraine\/\" \/>\n<meta property=\"article:modified_time\" content=\"2022-05-16T15:24:12+00:00\" \/>\n<meta property=\"og:image\" content=\"https:\/\/vintouraine.com\/wp-content\/uploads\/2020\/11\/Domaine-de-la-Chaise_Fines-Bulles.jpg\" \/>\n\t<meta property=\"og:image:width\" content=\"600\" \/>\n\t<meta property=\"og:image:height\" content=\"600\" \/>\n\t<meta property=\"og:image:type\" content=\"image\/jpeg\" \/>\n<meta name=\"twitter:card\" content=\"summary_large_image\" \/>\n<meta name=\"twitter:site\" content=\"@AOCTouraine\" \/>\n<script type=\"application\/ld+json\" class=\"yoast-schema-graph\">{\"@context\":\"https:\\\/\\\/schema.org\",\"@graph\":[{\"@type\":\"WebPage\",\"@id\":\"https:\\\/\\\/vintouraine.com\\\/en\\\/produit\\\/fines-bulles-de-touraine-blanc-brut\\\/\",\"url\":\"https:\\\/\\\/vintouraine.com\\\/en\\\/produit\\\/fines-bulles-de-touraine-blanc-brut\\\/\",\"name\":\"FINES BULLES DE TOURAINE BLANC BRUT - AOC Touraine Val de Loire\",\"isPartOf\":{\"@id\":\"https:\\\/\\\/vintouraine.com\\\/#website\"},\"primaryImageOfPage\":{\"@id\":\"https:\\\/\\\/vintouraine.com\\\/en\\\/produit\\\/fines-bulles-de-touraine-blanc-brut\\\/#primaryimage\"},\"image\":{\"@id\":\"https:\\\/\\\/vintouraine.com\\\/en\\\/produit\\\/fines-bulles-de-touraine-blanc-brut\\\/#primaryimage\"},\"thumbnailUrl\":\"https:\\\/\\\/vintouraine.com\\\/wp-content\\\/uploads\\\/2020\\\/11\\\/Domaine-de-la-Chaise_Fines-Bulles.jpg\",\"datePublished\":\"2020-11-04T15:19:42+00:00\",\"dateModified\":\"2022-05-16T15:24:12+00:00\",\"breadcrumb\":{\"@id\":\"https:\\\/\\\/vintouraine.com\\\/en\\\/produit\\\/fines-bulles-de-touraine-blanc-brut\\\/#breadcrumb\"},\"inLanguage\":\"en-US\",\"potentialAction\":[{\"@type\":\"ReadAction\",\"target\":[\"https:\\\/\\\/vintouraine.com\\\/en\\\/produit\\\/fines-bulles-de-touraine-blanc-brut\\\/\"]}]},{\"@type\":\"ImageObject\",\"inLanguage\":\"en-US\",\"@id\":\"https:\\\/\\\/vintouraine.com\\\/en\\\/produit\\\/fines-bulles-de-touraine-blanc-brut\\\/#primaryimage\",\"url\":\"https:\\\/\\\/vintouraine.com\\\/wp-content\\\/uploads\\\/2020\\\/11\\\/Domaine-de-la-Chaise_Fines-Bulles.jpg\",\"contentUrl\":\"https:\\\/\\\/vintouraine.com\\\/wp-content\\\/uploads\\\/2020\\\/11\\\/Domaine-de-la-Chaise_Fines-Bulles.jpg\",\"width\":600,\"height\":600},{\"@type\":\"BreadcrumbList\",\"@id\":\"https:\\\/\\\/vintouraine.com\\\/en\\\/produit\\\/fines-bulles-de-touraine-blanc-brut\\\/#breadcrumb\",\"itemListElement\":[{\"@type\":\"ListItem\",\"position\":1,\"name\":\"Home\",\"item\":\"https:\\\/\\\/www.vintouraine.com\\\/en\\\/\"},{\"@type\":\"ListItem\",\"position\":2,\"name\":\"Boutique\",\"item\":\"https:\\\/\\\/www.vintouraine.com\\\/boutique\\\/\"},{\"@type\":\"ListItem\",\"position\":3,\"name\":\"FINES BULLES DE TOURAINE BLANC BRUT\"}]},{\"@type\":\"WebSite\",\"@id\":\"https:\\\/\\\/vintouraine.com\\\/#website\",\"url\":\"https:\\\/\\\/vintouraine.com\\\/\",\"name\":\"AOC Touraine Val de Loire\",\"description\":\"\",\"publisher\":{\"@id\":\"https:\\\/\\\/vintouraine.com\\\/#organization\"},\"potentialAction\":[{\"@type\":\"SearchAction\",\"target\":{\"@type\":\"EntryPoint\",\"urlTemplate\":\"https:\\\/\\\/vintouraine.com\\\/?s={search_term_string}\"},\"query-input\":{\"@type\":\"PropertyValueSpecification\",\"valueRequired\":true,\"valueName\":\"search_term_string\"}}],\"inLanguage\":\"en-US\"},{\"@type\":\"Organization\",\"@id\":\"https:\\\/\\\/vintouraine.com\\\/#organization\",\"name\":\"AOC TOURAINE\",\"url\":\"https:\\\/\\\/vintouraine.com\\\/\",\"logo\":{\"@type\":\"ImageObject\",\"inLanguage\":\"en-US\",\"@id\":\"https:\\\/\\\/vintouraine.com\\\/#\\\/schema\\\/logo\\\/image\\\/\",\"url\":\"https:\\\/\\\/www.vintouraine.com\\\/wp-content\\\/uploads\\\/2018\\\/05\\\/logo-aoc-touraine.png\",\"contentUrl\":\"https:\\\/\\\/www.vintouraine.com\\\/wp-content\\\/uploads\\\/2018\\\/05\\\/logo-aoc-touraine.png\",\"width\":330,\"height\":85,\"caption\":\"AOC TOURAINE\"},\"image\":{\"@id\":\"https:\\\/\\\/vintouraine.com\\\/#\\\/schema\\\/logo\\\/image\\\/\"},\"sameAs\":[\"https:\\\/\\\/www.facebook.com\\\/aoctouraine\\\/\",\"https:\\\/\\\/x.com\\\/AOCTouraine\"]}]}<\/script>\n<!-- \/ Yoast SEO plugin. -->","yoast_head_json":{"title":"FINES BULLES DE TOURAINE BLANC BRUT - AOC Touraine Val de Loire","robots":{"index":"index","follow":"follow","max-snippet":"max-snippet:-1","max-image-preview":"max-image-preview:large","max-video-preview":"max-video-preview:-1"},"canonical":"https:\/\/vintouraine.com\/en\/produit\/fines-bulles-de-touraine-blanc-brut\/","og_locale":"en_US","og_type":"article","og_title":"FINES BULLES DE TOURAINE BLANC BRUT - AOC Touraine Val de Loire","og_description":"Appellation&nbsp;: AOC Touraine  Couleur&nbsp;: Effervescent  Descriptif&nbsp;: Vin blanc brut, \u00e9labor\u00e9 selon la m\u00e9thode dite champenoise durant un an de travail et de minutieuses attentions. Cette cuv\u00e9e est sur lattes depuis 24 mois. Le c\u00e9page est le CHENIN BLANC (ou PINEAU DE LA LOIRE). L\u2019\u00e2ge moyen des vignes est de 50 ans, la parcelle la plus vieille \u00e9tant centenaire. DEGUSTATION :&nbsp; A l'ap\u00e9ritif, servi frapp\u00e9 mais non glac\u00e9, il sera parfait. C\u2019est un vin de f\u00eate.  Lien vers site&nbsp;: https:\/\/www.domaine-de-la-chaise-41.com\/fines-bulles-de-touraine-blanc","og_url":"https:\/\/vintouraine.com\/en\/produit\/fines-bulles-de-touraine-blanc-brut\/","og_site_name":"AOC Touraine Val de Loire","article_publisher":"https:\/\/www.facebook.com\/aoctouraine\/","article_modified_time":"2022-05-16T15:24:12+00:00","og_image":[{"width":600,"height":600,"url":"https:\/\/vintouraine.com\/wp-content\/uploads\/2020\/11\/Domaine-de-la-Chaise_Fines-Bulles.jpg","type":"image\/jpeg"}],"twitter_card":"summary_large_image","twitter_site":"@AOCTouraine","schema":{"@context":"https:\/\/schema.org","@graph":[{"@type":"WebPage","@id":"https:\/\/vintouraine.com\/en\/produit\/fines-bulles-de-touraine-blanc-brut\/","url":"https:\/\/vintouraine.com\/en\/produit\/fines-bulles-de-touraine-blanc-brut\/","name":"FINES BULLES DE TOURAINE BLANC BRUT - AOC Touraine Val de Loire","isPartOf":{"@id":"https:\/\/vintouraine.com\/#website"},"primaryImageOfPage":{"@id":"https:\/\/vintouraine.com\/en\/produit\/fines-bulles-de-touraine-blanc-brut\/#primaryimage"},"image":{"@id":"https:\/\/vintouraine.com\/en\/produit\/fines-bulles-de-touraine-blanc-brut\/#primaryimage"},"thumbnailUrl":"https:\/\/vintouraine.com\/wp-content\/uploads\/2020\/11\/Domaine-de-la-Chaise_Fines-Bulles.jpg","datePublished":"2020-11-04T15:19:42+00:00","dateModified":"2022-05-16T15:24:12+00:00","breadcrumb":{"@id":"https:\/\/vintouraine.com\/en\/produit\/fines-bulles-de-touraine-blanc-brut\/#breadcrumb"},"inLanguage":"en-US","potentialAction":[{"@type":"ReadAction","target":["https:\/\/vintouraine.com\/en\/produit\/fines-bulles-de-touraine-blanc-brut\/"]}]},{"@type":"ImageObject","inLanguage":"en-US","@id":"https:\/\/vintouraine.com\/en\/produit\/fines-bulles-de-touraine-blanc-brut\/#primaryimage","url":"https:\/\/vintouraine.com\/wp-content\/uploads\/2020\/11\/Domaine-de-la-Chaise_Fines-Bulles.jpg","contentUrl":"https:\/\/vintouraine.com\/wp-content\/uploads\/2020\/11\/Domaine-de-la-Chaise_Fines-Bulles.jpg","width":600,"height":600},{"@type":"BreadcrumbList","@id":"https:\/\/vintouraine.com\/en\/produit\/fines-bulles-de-touraine-blanc-brut\/#breadcrumb","itemListElement":[{"@type":"ListItem","position":1,"name":"Home","item":"https:\/\/www.vintouraine.com\/en\/"},{"@type":"ListItem","position":2,"name":"Boutique","item":"https:\/\/www.vintouraine.com\/boutique\/"},{"@type":"ListItem","position":3,"name":"FINES BULLES DE TOURAINE BLANC BRUT"}]},{"@type":"WebSite","@id":"https:\/\/vintouraine.com\/#website","url":"https:\/\/vintouraine.com\/","name":"AOC Touraine Val de Loire","description":"","publisher":{"@id":"https:\/\/vintouraine.com\/#organization"},"potentialAction":[{"@type":"SearchAction","target":{"@type":"EntryPoint","urlTemplate":"https:\/\/vintouraine.com\/?s={search_term_string}"},"query-input":{"@type":"PropertyValueSpecification","valueRequired":true,"valueName":"search_term_string"}}],"inLanguage":"en-US"},{"@type":"Organization","@id":"https:\/\/vintouraine.com\/#organization","name":"AOC TOURAINE","url":"https:\/\/vintouraine.com\/","logo":{"@type":"ImageObject","inLanguage":"en-US","@id":"https:\/\/vintouraine.com\/#\/schema\/logo\/image\/","url":"https:\/\/www.vintouraine.com\/wp-content\/uploads\/2018\/05\/logo-aoc-touraine.png","contentUrl":"https:\/\/www.vintouraine.com\/wp-content\/uploads\/2018\/05\/logo-aoc-touraine.png","width":330,"height":85,"caption":"AOC TOURAINE"},"image":{"@id":"https:\/\/vintouraine.com\/#\/schema\/logo\/image\/"},"sameAs":["https:\/\/www.facebook.com\/aoctouraine\/","https:\/\/x.com\/AOCTouraine"]}]}},"_links":{"self":[{"href":"https:\/\/vintouraine.com\/en\/wp-json\/wp\/v2\/product\/4853\/"}],"collection":[{"href":"https:\/\/vintouraine.com\/en\/wp-json\/wp\/v2\/product\/"}],"about":[{"href":"https:\/\/vintouraine.com\/en\/wp-json\/wp\/v2\/types\/product\/"}],"wp:featuredmedia":[{"embeddable":true,"href":"https:\/\/vintouraine.com\/en\/wp-json\/wp\/v2\/media\/4795\/"}],"wp:attachment":[{"href":"https:\/\/vintouraine.com\/en\/wp-json\/wp\/v2\/media\/?parent=4853"}],"wp:term":[{"taxonomy":"product_brand","embeddable":true,"href":"https:\/\/vintouraine.com\/en\/wp-json\/wp\/v2\/product_brand\/?post=4853"},{"taxonomy":"product_cat","embeddable":true,"href":"https:\/\/vintouraine.com\/en\/wp-json\/wp\/v2\/product_cat\/?post=4853"},{"taxonomy":"product_tag","embeddable":true,"href":"https:\/\/vintouraine.com\/en\/wp-json\/wp\/v2\/product_tag\/?post=4853"}],"curies":[{"name":"wp","href":"https:\/\/api.w.org\/{rel}","templated":true}]}}