{"id":4852,"date":"2020-11-04T16:15:04","date_gmt":"2020-11-04T15:15:04","guid":{"rendered":"https:\/\/www.vintouraine.com\/?post_type=product&#038;p=4852"},"modified":"2022-05-16T17:24:13","modified_gmt":"2022-05-16T15:24:13","slug":"touraine-blanc-sauvignon-2019","status":"publish","type":"product","link":"https:\/\/vintouraine.com\/en\/produit\/touraine-blanc-sauvignon-2019\/","title":{"rendered":"TOURAINE BLANC SAUVIGNON 2019"},"content":{"rendered":"","protected":false},"excerpt":{"rendered":"<p><strong>Appellation&nbsp;:<\/strong> AOC Touraine<\/p>\n<p><strong>Couleur&nbsp;:<\/strong> Blanc<\/p>\n<p><strong>Descriptif&nbsp;:<br \/>\n<\/strong><span style=\"text-decoration: underline;\">D\u00c9GUSTATION<\/span> : Belle robe brillante couleur jaune clair. Le nez du sauvignon offre des ar\u00f4mes de fruits exotiques, ananas, fruit de la passion et fruits blancs. La bouche est ronde en attaque avec du volume et une acidit\u00e9 bien \u00e9quilibr\u00e9e. Longue r\u00e9manence aromatique et une belle complexit\u00e9 aromatique (agrumes type pamplemousse, asperge, fruits exotiques, abricot sec, litchi.<br \/>\nVin fruit\u00e9 et harmonieux.<br \/>\nConvient parfaitement avec poissons, fruits de mer, fromage de ch\u00e8vre et m\u00eame en ap\u00e9ritif.<\/p>\n<p><strong>Lien vers site&nbsp;:<\/strong> <a href=\"https:\/\/www.domaine-de-la-chaise-41.com\/sauvignon\" target=\"_blank\" rel=\"noopener noreferrer\">https:\/\/www.domaine-de-la-chaise-41.com\/sauvignon<\/a><\/p>","protected":false},"featured_media":4799,"template":"","meta":{"_acf_changed":false,"ngg_post_thumbnail":0},"product_brand":[],"product_cat":[79],"product_tag":[],"class_list":{"0":"post-4852","1":"product","2":"type-product","3":"status-publish","4":"has-post-thumbnail","6":"product_cat-domaine-de-la-chaise","8":"first","9":"outofstock","10":"taxable","11":"shipping-taxable","12":"purchasable","13":"product-type-simple"},"acf":[],"yoast_head":"<!-- This site is optimized with the Yoast SEO plugin v27.5 - https:\/\/yoast.com\/product\/yoast-seo-wordpress\/ -->\n<title>TOURAINE BLANC SAUVIGNON 2019 - AOC Touraine Val de Loire<\/title>\n<meta name=\"robots\" content=\"index, follow, max-snippet:-1, max-image-preview:large, max-video-preview:-1\" \/>\n<link rel=\"canonical\" href=\"https:\/\/vintouraine.com\/en\/produit\/touraine-blanc-sauvignon-2019\/\" \/>\n<meta property=\"og:locale\" content=\"en_US\" \/>\n<meta property=\"og:type\" content=\"article\" \/>\n<meta property=\"og:title\" content=\"TOURAINE BLANC SAUVIGNON 2019 - AOC Touraine Val de Loire\" \/>\n<meta property=\"og:description\" content=\"Appellation&nbsp;: AOC Touraine  Couleur&nbsp;: Blanc  Descriptif&nbsp;: D\u00c9GUSTATION : Belle robe brillante couleur jaune clair. Le nez du sauvignon offre des ar\u00f4mes de fruits exotiques, ananas, fruit de la passion et fruits blancs. La bouche est ronde en attaque avec du volume et une acidit\u00e9 bien \u00e9quilibr\u00e9e. Longue r\u00e9manence aromatique et une belle complexit\u00e9 aromatique (agrumes type pamplemousse, asperge, fruits exotiques, abricot sec, litchi. Vin fruit\u00e9 et harmonieux. Convient parfaitement avec poissons, fruits de mer, fromage de ch\u00e8vre et m\u00eame en ap\u00e9ritif.  Lien vers site&nbsp;: https:\/\/www.domaine-de-la-chaise-41.com\/sauvignon\" \/>\n<meta property=\"og:url\" content=\"https:\/\/vintouraine.com\/en\/produit\/touraine-blanc-sauvignon-2019\/\" \/>\n<meta property=\"og:site_name\" content=\"AOC Touraine Val de Loire\" \/>\n<meta property=\"article:publisher\" content=\"https:\/\/www.facebook.com\/aoctouraine\/\" \/>\n<meta property=\"article:modified_time\" content=\"2022-05-16T15:24:13+00:00\" \/>\n<meta property=\"og:image\" content=\"https:\/\/vintouraine.com\/wp-content\/uploads\/2020\/11\/Domaine-de-la-Chaise_Touraine-Sauvignon.jpg\" \/>\n\t<meta property=\"og:image:width\" content=\"600\" \/>\n\t<meta property=\"og:image:height\" content=\"600\" \/>\n\t<meta property=\"og:image:type\" content=\"image\/jpeg\" \/>\n<meta name=\"twitter:card\" content=\"summary_large_image\" \/>\n<meta name=\"twitter:site\" content=\"@AOCTouraine\" \/>\n<script type=\"application\/ld+json\" class=\"yoast-schema-graph\">{\"@context\":\"https:\\\/\\\/schema.org\",\"@graph\":[{\"@type\":\"WebPage\",\"@id\":\"https:\\\/\\\/vintouraine.com\\\/en\\\/produit\\\/touraine-blanc-sauvignon-2019\\\/\",\"url\":\"https:\\\/\\\/vintouraine.com\\\/en\\\/produit\\\/touraine-blanc-sauvignon-2019\\\/\",\"name\":\"TOURAINE BLANC SAUVIGNON 2019 - AOC Touraine Val de Loire\",\"isPartOf\":{\"@id\":\"https:\\\/\\\/vintouraine.com\\\/#website\"},\"primaryImageOfPage\":{\"@id\":\"https:\\\/\\\/vintouraine.com\\\/en\\\/produit\\\/touraine-blanc-sauvignon-2019\\\/#primaryimage\"},\"image\":{\"@id\":\"https:\\\/\\\/vintouraine.com\\\/en\\\/produit\\\/touraine-blanc-sauvignon-2019\\\/#primaryimage\"},\"thumbnailUrl\":\"https:\\\/\\\/vintouraine.com\\\/wp-content\\\/uploads\\\/2020\\\/11\\\/Domaine-de-la-Chaise_Touraine-Sauvignon.jpg\",\"datePublished\":\"2020-11-04T15:15:04+00:00\",\"dateModified\":\"2022-05-16T15:24:13+00:00\",\"breadcrumb\":{\"@id\":\"https:\\\/\\\/vintouraine.com\\\/en\\\/produit\\\/touraine-blanc-sauvignon-2019\\\/#breadcrumb\"},\"inLanguage\":\"en-US\",\"potentialAction\":[{\"@type\":\"ReadAction\",\"target\":[\"https:\\\/\\\/vintouraine.com\\\/en\\\/produit\\\/touraine-blanc-sauvignon-2019\\\/\"]}]},{\"@type\":\"ImageObject\",\"inLanguage\":\"en-US\",\"@id\":\"https:\\\/\\\/vintouraine.com\\\/en\\\/produit\\\/touraine-blanc-sauvignon-2019\\\/#primaryimage\",\"url\":\"https:\\\/\\\/vintouraine.com\\\/wp-content\\\/uploads\\\/2020\\\/11\\\/Domaine-de-la-Chaise_Touraine-Sauvignon.jpg\",\"contentUrl\":\"https:\\\/\\\/vintouraine.com\\\/wp-content\\\/uploads\\\/2020\\\/11\\\/Domaine-de-la-Chaise_Touraine-Sauvignon.jpg\",\"width\":600,\"height\":600},{\"@type\":\"BreadcrumbList\",\"@id\":\"https:\\\/\\\/vintouraine.com\\\/en\\\/produit\\\/touraine-blanc-sauvignon-2019\\\/#breadcrumb\",\"itemListElement\":[{\"@type\":\"ListItem\",\"position\":1,\"name\":\"Home\",\"item\":\"https:\\\/\\\/www.vintouraine.com\\\/en\\\/\"},{\"@type\":\"ListItem\",\"position\":2,\"name\":\"Boutique\",\"item\":\"https:\\\/\\\/www.vintouraine.com\\\/boutique\\\/\"},{\"@type\":\"ListItem\",\"position\":3,\"name\":\"TOURAINE BLANC SAUVIGNON 2019\"}]},{\"@type\":\"WebSite\",\"@id\":\"https:\\\/\\\/vintouraine.com\\\/#website\",\"url\":\"https:\\\/\\\/vintouraine.com\\\/\",\"name\":\"AOC Touraine Val de Loire\",\"description\":\"\",\"publisher\":{\"@id\":\"https:\\\/\\\/vintouraine.com\\\/#organization\"},\"potentialAction\":[{\"@type\":\"SearchAction\",\"target\":{\"@type\":\"EntryPoint\",\"urlTemplate\":\"https:\\\/\\\/vintouraine.com\\\/?s={search_term_string}\"},\"query-input\":{\"@type\":\"PropertyValueSpecification\",\"valueRequired\":true,\"valueName\":\"search_term_string\"}}],\"inLanguage\":\"en-US\"},{\"@type\":\"Organization\",\"@id\":\"https:\\\/\\\/vintouraine.com\\\/#organization\",\"name\":\"AOC TOURAINE\",\"url\":\"https:\\\/\\\/vintouraine.com\\\/\",\"logo\":{\"@type\":\"ImageObject\",\"inLanguage\":\"en-US\",\"@id\":\"https:\\\/\\\/vintouraine.com\\\/#\\\/schema\\\/logo\\\/image\\\/\",\"url\":\"https:\\\/\\\/www.vintouraine.com\\\/wp-content\\\/uploads\\\/2018\\\/05\\\/logo-aoc-touraine.png\",\"contentUrl\":\"https:\\\/\\\/www.vintouraine.com\\\/wp-content\\\/uploads\\\/2018\\\/05\\\/logo-aoc-touraine.png\",\"width\":330,\"height\":85,\"caption\":\"AOC TOURAINE\"},\"image\":{\"@id\":\"https:\\\/\\\/vintouraine.com\\\/#\\\/schema\\\/logo\\\/image\\\/\"},\"sameAs\":[\"https:\\\/\\\/www.facebook.com\\\/aoctouraine\\\/\",\"https:\\\/\\\/x.com\\\/AOCTouraine\"]}]}<\/script>\n<!-- \/ Yoast SEO plugin. -->","yoast_head_json":{"title":"TOURAINE BLANC SAUVIGNON 2019 - AOC Touraine Val de Loire","robots":{"index":"index","follow":"follow","max-snippet":"max-snippet:-1","max-image-preview":"max-image-preview:large","max-video-preview":"max-video-preview:-1"},"canonical":"https:\/\/vintouraine.com\/en\/produit\/touraine-blanc-sauvignon-2019\/","og_locale":"en_US","og_type":"article","og_title":"TOURAINE BLANC SAUVIGNON 2019 - AOC Touraine Val de Loire","og_description":"Appellation&nbsp;: AOC Touraine  Couleur&nbsp;: Blanc  Descriptif&nbsp;: D\u00c9GUSTATION : Belle robe brillante couleur jaune clair. Le nez du sauvignon offre des ar\u00f4mes de fruits exotiques, ananas, fruit de la passion et fruits blancs. La bouche est ronde en attaque avec du volume et une acidit\u00e9 bien \u00e9quilibr\u00e9e. Longue r\u00e9manence aromatique et une belle complexit\u00e9 aromatique (agrumes type pamplemousse, asperge, fruits exotiques, abricot sec, litchi. Vin fruit\u00e9 et harmonieux. Convient parfaitement avec poissons, fruits de mer, fromage de ch\u00e8vre et m\u00eame en ap\u00e9ritif.  Lien vers site&nbsp;: https:\/\/www.domaine-de-la-chaise-41.com\/sauvignon","og_url":"https:\/\/vintouraine.com\/en\/produit\/touraine-blanc-sauvignon-2019\/","og_site_name":"AOC Touraine Val de Loire","article_publisher":"https:\/\/www.facebook.com\/aoctouraine\/","article_modified_time":"2022-05-16T15:24:13+00:00","og_image":[{"width":600,"height":600,"url":"https:\/\/vintouraine.com\/wp-content\/uploads\/2020\/11\/Domaine-de-la-Chaise_Touraine-Sauvignon.jpg","type":"image\/jpeg"}],"twitter_card":"summary_large_image","twitter_site":"@AOCTouraine","schema":{"@context":"https:\/\/schema.org","@graph":[{"@type":"WebPage","@id":"https:\/\/vintouraine.com\/en\/produit\/touraine-blanc-sauvignon-2019\/","url":"https:\/\/vintouraine.com\/en\/produit\/touraine-blanc-sauvignon-2019\/","name":"TOURAINE BLANC SAUVIGNON 2019 - AOC Touraine Val de Loire","isPartOf":{"@id":"https:\/\/vintouraine.com\/#website"},"primaryImageOfPage":{"@id":"https:\/\/vintouraine.com\/en\/produit\/touraine-blanc-sauvignon-2019\/#primaryimage"},"image":{"@id":"https:\/\/vintouraine.com\/en\/produit\/touraine-blanc-sauvignon-2019\/#primaryimage"},"thumbnailUrl":"https:\/\/vintouraine.com\/wp-content\/uploads\/2020\/11\/Domaine-de-la-Chaise_Touraine-Sauvignon.jpg","datePublished":"2020-11-04T15:15:04+00:00","dateModified":"2022-05-16T15:24:13+00:00","breadcrumb":{"@id":"https:\/\/vintouraine.com\/en\/produit\/touraine-blanc-sauvignon-2019\/#breadcrumb"},"inLanguage":"en-US","potentialAction":[{"@type":"ReadAction","target":["https:\/\/vintouraine.com\/en\/produit\/touraine-blanc-sauvignon-2019\/"]}]},{"@type":"ImageObject","inLanguage":"en-US","@id":"https:\/\/vintouraine.com\/en\/produit\/touraine-blanc-sauvignon-2019\/#primaryimage","url":"https:\/\/vintouraine.com\/wp-content\/uploads\/2020\/11\/Domaine-de-la-Chaise_Touraine-Sauvignon.jpg","contentUrl":"https:\/\/vintouraine.com\/wp-content\/uploads\/2020\/11\/Domaine-de-la-Chaise_Touraine-Sauvignon.jpg","width":600,"height":600},{"@type":"BreadcrumbList","@id":"https:\/\/vintouraine.com\/en\/produit\/touraine-blanc-sauvignon-2019\/#breadcrumb","itemListElement":[{"@type":"ListItem","position":1,"name":"Home","item":"https:\/\/www.vintouraine.com\/en\/"},{"@type":"ListItem","position":2,"name":"Boutique","item":"https:\/\/www.vintouraine.com\/boutique\/"},{"@type":"ListItem","position":3,"name":"TOURAINE BLANC SAUVIGNON 2019"}]},{"@type":"WebSite","@id":"https:\/\/vintouraine.com\/#website","url":"https:\/\/vintouraine.com\/","name":"AOC Touraine Val de Loire","description":"","publisher":{"@id":"https:\/\/vintouraine.com\/#organization"},"potentialAction":[{"@type":"SearchAction","target":{"@type":"EntryPoint","urlTemplate":"https:\/\/vintouraine.com\/?s={search_term_string}"},"query-input":{"@type":"PropertyValueSpecification","valueRequired":true,"valueName":"search_term_string"}}],"inLanguage":"en-US"},{"@type":"Organization","@id":"https:\/\/vintouraine.com\/#organization","name":"AOC TOURAINE","url":"https:\/\/vintouraine.com\/","logo":{"@type":"ImageObject","inLanguage":"en-US","@id":"https:\/\/vintouraine.com\/#\/schema\/logo\/image\/","url":"https:\/\/www.vintouraine.com\/wp-content\/uploads\/2018\/05\/logo-aoc-touraine.png","contentUrl":"https:\/\/www.vintouraine.com\/wp-content\/uploads\/2018\/05\/logo-aoc-touraine.png","width":330,"height":85,"caption":"AOC TOURAINE"},"image":{"@id":"https:\/\/vintouraine.com\/#\/schema\/logo\/image\/"},"sameAs":["https:\/\/www.facebook.com\/aoctouraine\/","https:\/\/x.com\/AOCTouraine"]}]}},"_links":{"self":[{"href":"https:\/\/vintouraine.com\/en\/wp-json\/wp\/v2\/product\/4852\/"}],"collection":[{"href":"https:\/\/vintouraine.com\/en\/wp-json\/wp\/v2\/product\/"}],"about":[{"href":"https:\/\/vintouraine.com\/en\/wp-json\/wp\/v2\/types\/product\/"}],"wp:featuredmedia":[{"embeddable":true,"href":"https:\/\/vintouraine.com\/en\/wp-json\/wp\/v2\/media\/4799\/"}],"wp:attachment":[{"href":"https:\/\/vintouraine.com\/en\/wp-json\/wp\/v2\/media\/?parent=4852"}],"wp:term":[{"taxonomy":"product_brand","embeddable":true,"href":"https:\/\/vintouraine.com\/en\/wp-json\/wp\/v2\/product_brand\/?post=4852"},{"taxonomy":"product_cat","embeddable":true,"href":"https:\/\/vintouraine.com\/en\/wp-json\/wp\/v2\/product_cat\/?post=4852"},{"taxonomy":"product_tag","embeddable":true,"href":"https:\/\/vintouraine.com\/en\/wp-json\/wp\/v2\/product_tag\/?post=4852"}],"curies":[{"name":"wp","href":"https:\/\/api.w.org\/{rel}","templated":true}]}}