{"id":4851,"date":"2020-11-04T16:10:40","date_gmt":"2020-11-04T15:10:40","guid":{"rendered":"https:\/\/www.vintouraine.com\/?post_type=product&#038;p=4851"},"modified":"2022-05-16T17:24:15","modified_gmt":"2022-05-16T15:24:15","slug":"touraine-chenonceaux-rouge-2018","status":"publish","type":"product","link":"https:\/\/vintouraine.com\/en\/produit\/touraine-chenonceaux-rouge-2018\/","title":{"rendered":"TOURAINE CHENONCEAUX ROUGE 2018"},"content":{"rendered":"","protected":false},"excerpt":{"rendered":"<p><strong>Appellation&nbsp;:<\/strong> AOC Touraine Chenonceaux<\/p>\n<p><strong>Couleur&nbsp;<\/strong>: Rouge<\/p>\n<p><strong>Descriptif&nbsp;:<br \/>\n<\/strong>Assemblage de C\u00f4t et Cabernet Franc.<br \/>\nCette cuv\u00e9e sp\u00e9ciale nous donne un vin bien \u00e9quilibr\u00e9, avec une bonne structure en bouche.<br \/>\n<span style=\"text-decoration: underline;\">D\u00c9GUSTATION<\/span> : La robe est brillante et de couleur rouge grenat fonc\u00e9 s&#8217;ouvrant sur un nez aux odeurs de fruits rouges, fruits noirs m\u00fbrs et cassis.<br \/>\nLa bouche imm\u00e9diatement ronde et charnue offre une structure puissante, ample et chaleureuse. Les tanins, pr\u00e9sents sont bien fondus et les ar\u00f4mes de raisins m\u00fbrs persistent en bouche. Il peut se conserver de 5 \u00e0 6 ans.<\/p>\n<p><strong>Lien vers site&nbsp;:<\/strong> <a href=\"https:\/\/www.domaine-de-la-chaise-41.com\/touraine-chenonceaux\" target=\"_blank\" rel=\"noopener noreferrer\">https:\/\/www.domaine-de-la-chaise-41.com\/touraine-chenonceaux<\/a><\/p>","protected":false},"featured_media":4801,"template":"","meta":{"_acf_changed":false,"ngg_post_thumbnail":0},"product_brand":[],"product_cat":[79],"product_tag":[],"class_list":{"0":"post-4851","1":"product","2":"type-product","3":"status-publish","4":"has-post-thumbnail","6":"product_cat-domaine-de-la-chaise","8":"first","9":"outofstock","10":"taxable","11":"shipping-taxable","12":"purchasable","13":"product-type-simple"},"acf":[],"yoast_head":"<!-- This site is optimized with the Yoast SEO plugin v27.5 - https:\/\/yoast.com\/product\/yoast-seo-wordpress\/ -->\n<title>TOURAINE CHENONCEAUX ROUGE 2018 - AOC Touraine Val de Loire<\/title>\n<meta name=\"robots\" content=\"index, follow, max-snippet:-1, max-image-preview:large, max-video-preview:-1\" \/>\n<link rel=\"canonical\" href=\"https:\/\/vintouraine.com\/en\/produit\/touraine-chenonceaux-rouge-2018\/\" \/>\n<meta property=\"og:locale\" content=\"en_US\" \/>\n<meta property=\"og:type\" content=\"article\" \/>\n<meta property=\"og:title\" content=\"TOURAINE CHENONCEAUX ROUGE 2018 - AOC Touraine Val de Loire\" \/>\n<meta property=\"og:description\" content=\"Appellation&nbsp;: AOC Touraine Chenonceaux  Couleur&nbsp;: Rouge  Descriptif&nbsp;: Assemblage de C\u00f4t et Cabernet Franc. Cette cuv\u00e9e sp\u00e9ciale nous donne un vin bien \u00e9quilibr\u00e9, avec une bonne structure en bouche. D\u00c9GUSTATION : La robe est brillante et de couleur rouge grenat fonc\u00e9 s&#039;ouvrant sur un nez aux odeurs de fruits rouges, fruits noirs m\u00fbrs et cassis. La bouche imm\u00e9diatement ronde et charnue offre une structure puissante, ample et chaleureuse. Les tanins, pr\u00e9sents sont bien fondus et les ar\u00f4mes de raisins m\u00fbrs persistent en bouche. Il peut se conserver de 5 \u00e0 6 ans.  Lien vers site&nbsp;: https:\/\/www.domaine-de-la-chaise-41.com\/touraine-chenonceaux\" \/>\n<meta property=\"og:url\" content=\"https:\/\/vintouraine.com\/en\/produit\/touraine-chenonceaux-rouge-2018\/\" \/>\n<meta property=\"og:site_name\" content=\"AOC Touraine Val de Loire\" \/>\n<meta property=\"article:publisher\" content=\"https:\/\/www.facebook.com\/aoctouraine\/\" \/>\n<meta property=\"article:modified_time\" content=\"2022-05-16T15:24:15+00:00\" \/>\n<meta property=\"og:image\" content=\"https:\/\/vintouraine.com\/wp-content\/uploads\/2020\/11\/Domaine-de-la-Chaise_touraineChenonceaux_Rouge.jpg\" \/>\n\t<meta property=\"og:image:width\" content=\"600\" \/>\n\t<meta property=\"og:image:height\" content=\"600\" \/>\n\t<meta property=\"og:image:type\" content=\"image\/jpeg\" \/>\n<meta name=\"twitter:card\" content=\"summary_large_image\" \/>\n<meta name=\"twitter:site\" content=\"@AOCTouraine\" \/>\n<script type=\"application\/ld+json\" class=\"yoast-schema-graph\">{\"@context\":\"https:\\\/\\\/schema.org\",\"@graph\":[{\"@type\":\"WebPage\",\"@id\":\"https:\\\/\\\/vintouraine.com\\\/en\\\/produit\\\/touraine-chenonceaux-rouge-2018\\\/\",\"url\":\"https:\\\/\\\/vintouraine.com\\\/en\\\/produit\\\/touraine-chenonceaux-rouge-2018\\\/\",\"name\":\"TOURAINE CHENONCEAUX ROUGE 2018 - AOC Touraine Val de Loire\",\"isPartOf\":{\"@id\":\"https:\\\/\\\/vintouraine.com\\\/#website\"},\"primaryImageOfPage\":{\"@id\":\"https:\\\/\\\/vintouraine.com\\\/en\\\/produit\\\/touraine-chenonceaux-rouge-2018\\\/#primaryimage\"},\"image\":{\"@id\":\"https:\\\/\\\/vintouraine.com\\\/en\\\/produit\\\/touraine-chenonceaux-rouge-2018\\\/#primaryimage\"},\"thumbnailUrl\":\"https:\\\/\\\/vintouraine.com\\\/wp-content\\\/uploads\\\/2020\\\/11\\\/Domaine-de-la-Chaise_touraineChenonceaux_Rouge.jpg\",\"datePublished\":\"2020-11-04T15:10:40+00:00\",\"dateModified\":\"2022-05-16T15:24:15+00:00\",\"breadcrumb\":{\"@id\":\"https:\\\/\\\/vintouraine.com\\\/en\\\/produit\\\/touraine-chenonceaux-rouge-2018\\\/#breadcrumb\"},\"inLanguage\":\"en-US\",\"potentialAction\":[{\"@type\":\"ReadAction\",\"target\":[\"https:\\\/\\\/vintouraine.com\\\/en\\\/produit\\\/touraine-chenonceaux-rouge-2018\\\/\"]}]},{\"@type\":\"ImageObject\",\"inLanguage\":\"en-US\",\"@id\":\"https:\\\/\\\/vintouraine.com\\\/en\\\/produit\\\/touraine-chenonceaux-rouge-2018\\\/#primaryimage\",\"url\":\"https:\\\/\\\/vintouraine.com\\\/wp-content\\\/uploads\\\/2020\\\/11\\\/Domaine-de-la-Chaise_touraineChenonceaux_Rouge.jpg\",\"contentUrl\":\"https:\\\/\\\/vintouraine.com\\\/wp-content\\\/uploads\\\/2020\\\/11\\\/Domaine-de-la-Chaise_touraineChenonceaux_Rouge.jpg\",\"width\":600,\"height\":600},{\"@type\":\"BreadcrumbList\",\"@id\":\"https:\\\/\\\/vintouraine.com\\\/en\\\/produit\\\/touraine-chenonceaux-rouge-2018\\\/#breadcrumb\",\"itemListElement\":[{\"@type\":\"ListItem\",\"position\":1,\"name\":\"Home\",\"item\":\"https:\\\/\\\/www.vintouraine.com\\\/en\\\/\"},{\"@type\":\"ListItem\",\"position\":2,\"name\":\"Boutique\",\"item\":\"https:\\\/\\\/www.vintouraine.com\\\/boutique\\\/\"},{\"@type\":\"ListItem\",\"position\":3,\"name\":\"TOURAINE CHENONCEAUX ROUGE 2018\"}]},{\"@type\":\"WebSite\",\"@id\":\"https:\\\/\\\/vintouraine.com\\\/#website\",\"url\":\"https:\\\/\\\/vintouraine.com\\\/\",\"name\":\"AOC Touraine Val de Loire\",\"description\":\"\",\"publisher\":{\"@id\":\"https:\\\/\\\/vintouraine.com\\\/#organization\"},\"potentialAction\":[{\"@type\":\"SearchAction\",\"target\":{\"@type\":\"EntryPoint\",\"urlTemplate\":\"https:\\\/\\\/vintouraine.com\\\/?s={search_term_string}\"},\"query-input\":{\"@type\":\"PropertyValueSpecification\",\"valueRequired\":true,\"valueName\":\"search_term_string\"}}],\"inLanguage\":\"en-US\"},{\"@type\":\"Organization\",\"@id\":\"https:\\\/\\\/vintouraine.com\\\/#organization\",\"name\":\"AOC TOURAINE\",\"url\":\"https:\\\/\\\/vintouraine.com\\\/\",\"logo\":{\"@type\":\"ImageObject\",\"inLanguage\":\"en-US\",\"@id\":\"https:\\\/\\\/vintouraine.com\\\/#\\\/schema\\\/logo\\\/image\\\/\",\"url\":\"https:\\\/\\\/www.vintouraine.com\\\/wp-content\\\/uploads\\\/2018\\\/05\\\/logo-aoc-touraine.png\",\"contentUrl\":\"https:\\\/\\\/www.vintouraine.com\\\/wp-content\\\/uploads\\\/2018\\\/05\\\/logo-aoc-touraine.png\",\"width\":330,\"height\":85,\"caption\":\"AOC TOURAINE\"},\"image\":{\"@id\":\"https:\\\/\\\/vintouraine.com\\\/#\\\/schema\\\/logo\\\/image\\\/\"},\"sameAs\":[\"https:\\\/\\\/www.facebook.com\\\/aoctouraine\\\/\",\"https:\\\/\\\/x.com\\\/AOCTouraine\"]}]}<\/script>\n<!-- \/ Yoast SEO plugin. -->","yoast_head_json":{"title":"TOURAINE CHENONCEAUX ROUGE 2018 - AOC Touraine Val de Loire","robots":{"index":"index","follow":"follow","max-snippet":"max-snippet:-1","max-image-preview":"max-image-preview:large","max-video-preview":"max-video-preview:-1"},"canonical":"https:\/\/vintouraine.com\/en\/produit\/touraine-chenonceaux-rouge-2018\/","og_locale":"en_US","og_type":"article","og_title":"TOURAINE CHENONCEAUX ROUGE 2018 - AOC Touraine Val de Loire","og_description":"Appellation&nbsp;: AOC Touraine Chenonceaux  Couleur&nbsp;: Rouge  Descriptif&nbsp;: Assemblage de C\u00f4t et Cabernet Franc. Cette cuv\u00e9e sp\u00e9ciale nous donne un vin bien \u00e9quilibr\u00e9, avec une bonne structure en bouche. D\u00c9GUSTATION : La robe est brillante et de couleur rouge grenat fonc\u00e9 s'ouvrant sur un nez aux odeurs de fruits rouges, fruits noirs m\u00fbrs et cassis. La bouche imm\u00e9diatement ronde et charnue offre une structure puissante, ample et chaleureuse. Les tanins, pr\u00e9sents sont bien fondus et les ar\u00f4mes de raisins m\u00fbrs persistent en bouche. Il peut se conserver de 5 \u00e0 6 ans.  Lien vers site&nbsp;: https:\/\/www.domaine-de-la-chaise-41.com\/touraine-chenonceaux","og_url":"https:\/\/vintouraine.com\/en\/produit\/touraine-chenonceaux-rouge-2018\/","og_site_name":"AOC Touraine Val de Loire","article_publisher":"https:\/\/www.facebook.com\/aoctouraine\/","article_modified_time":"2022-05-16T15:24:15+00:00","og_image":[{"width":600,"height":600,"url":"https:\/\/vintouraine.com\/wp-content\/uploads\/2020\/11\/Domaine-de-la-Chaise_touraineChenonceaux_Rouge.jpg","type":"image\/jpeg"}],"twitter_card":"summary_large_image","twitter_site":"@AOCTouraine","schema":{"@context":"https:\/\/schema.org","@graph":[{"@type":"WebPage","@id":"https:\/\/vintouraine.com\/en\/produit\/touraine-chenonceaux-rouge-2018\/","url":"https:\/\/vintouraine.com\/en\/produit\/touraine-chenonceaux-rouge-2018\/","name":"TOURAINE CHENONCEAUX ROUGE 2018 - AOC Touraine Val de Loire","isPartOf":{"@id":"https:\/\/vintouraine.com\/#website"},"primaryImageOfPage":{"@id":"https:\/\/vintouraine.com\/en\/produit\/touraine-chenonceaux-rouge-2018\/#primaryimage"},"image":{"@id":"https:\/\/vintouraine.com\/en\/produit\/touraine-chenonceaux-rouge-2018\/#primaryimage"},"thumbnailUrl":"https:\/\/vintouraine.com\/wp-content\/uploads\/2020\/11\/Domaine-de-la-Chaise_touraineChenonceaux_Rouge.jpg","datePublished":"2020-11-04T15:10:40+00:00","dateModified":"2022-05-16T15:24:15+00:00","breadcrumb":{"@id":"https:\/\/vintouraine.com\/en\/produit\/touraine-chenonceaux-rouge-2018\/#breadcrumb"},"inLanguage":"en-US","potentialAction":[{"@type":"ReadAction","target":["https:\/\/vintouraine.com\/en\/produit\/touraine-chenonceaux-rouge-2018\/"]}]},{"@type":"ImageObject","inLanguage":"en-US","@id":"https:\/\/vintouraine.com\/en\/produit\/touraine-chenonceaux-rouge-2018\/#primaryimage","url":"https:\/\/vintouraine.com\/wp-content\/uploads\/2020\/11\/Domaine-de-la-Chaise_touraineChenonceaux_Rouge.jpg","contentUrl":"https:\/\/vintouraine.com\/wp-content\/uploads\/2020\/11\/Domaine-de-la-Chaise_touraineChenonceaux_Rouge.jpg","width":600,"height":600},{"@type":"BreadcrumbList","@id":"https:\/\/vintouraine.com\/en\/produit\/touraine-chenonceaux-rouge-2018\/#breadcrumb","itemListElement":[{"@type":"ListItem","position":1,"name":"Home","item":"https:\/\/www.vintouraine.com\/en\/"},{"@type":"ListItem","position":2,"name":"Boutique","item":"https:\/\/www.vintouraine.com\/boutique\/"},{"@type":"ListItem","position":3,"name":"TOURAINE CHENONCEAUX ROUGE 2018"}]},{"@type":"WebSite","@id":"https:\/\/vintouraine.com\/#website","url":"https:\/\/vintouraine.com\/","name":"AOC Touraine Val de Loire","description":"","publisher":{"@id":"https:\/\/vintouraine.com\/#organization"},"potentialAction":[{"@type":"SearchAction","target":{"@type":"EntryPoint","urlTemplate":"https:\/\/vintouraine.com\/?s={search_term_string}"},"query-input":{"@type":"PropertyValueSpecification","valueRequired":true,"valueName":"search_term_string"}}],"inLanguage":"en-US"},{"@type":"Organization","@id":"https:\/\/vintouraine.com\/#organization","name":"AOC TOURAINE","url":"https:\/\/vintouraine.com\/","logo":{"@type":"ImageObject","inLanguage":"en-US","@id":"https:\/\/vintouraine.com\/#\/schema\/logo\/image\/","url":"https:\/\/www.vintouraine.com\/wp-content\/uploads\/2018\/05\/logo-aoc-touraine.png","contentUrl":"https:\/\/www.vintouraine.com\/wp-content\/uploads\/2018\/05\/logo-aoc-touraine.png","width":330,"height":85,"caption":"AOC TOURAINE"},"image":{"@id":"https:\/\/vintouraine.com\/#\/schema\/logo\/image\/"},"sameAs":["https:\/\/www.facebook.com\/aoctouraine\/","https:\/\/x.com\/AOCTouraine"]}]}},"_links":{"self":[{"href":"https:\/\/vintouraine.com\/en\/wp-json\/wp\/v2\/product\/4851\/"}],"collection":[{"href":"https:\/\/vintouraine.com\/en\/wp-json\/wp\/v2\/product\/"}],"about":[{"href":"https:\/\/vintouraine.com\/en\/wp-json\/wp\/v2\/types\/product\/"}],"wp:featuredmedia":[{"embeddable":true,"href":"https:\/\/vintouraine.com\/en\/wp-json\/wp\/v2\/media\/4801\/"}],"wp:attachment":[{"href":"https:\/\/vintouraine.com\/en\/wp-json\/wp\/v2\/media\/?parent=4851"}],"wp:term":[{"taxonomy":"product_brand","embeddable":true,"href":"https:\/\/vintouraine.com\/en\/wp-json\/wp\/v2\/product_brand\/?post=4851"},{"taxonomy":"product_cat","embeddable":true,"href":"https:\/\/vintouraine.com\/en\/wp-json\/wp\/v2\/product_cat\/?post=4851"},{"taxonomy":"product_tag","embeddable":true,"href":"https:\/\/vintouraine.com\/en\/wp-json\/wp\/v2\/product_tag\/?post=4851"}],"curies":[{"name":"wp","href":"https:\/\/api.w.org\/{rel}","templated":true}]}}