{"id":254,"date":"2018-05-14T14:28:41","date_gmt":"2018-05-14T12:28:41","guid":{"rendered":"https:\/\/www.vintouraine.com\/?page_id=254\/"},"modified":"2018-06-29T13:05:06","modified_gmt":"2018-06-29T11:05:06","slug":"wine-and-food-pairings","status":"publish","type":"page","link":"https:\/\/vintouraine.com\/en\/wine-and-food-pairings\/","title":{"rendered":"Wine and food pairings"},"content":{"rendered":"<section class=\"wpb-content-wrapper\"><p>[vc_row][vc_column][vc_column_text]Pairing food and wine is not always easy. But if you get it right, it can take a meal to a whole new level. To make the food and wine magic happen, the <strong>AOP Touraine<\/strong> has some suggestions for you that should pair perfectly with the wines from our best terroirs. Enjoy!![\/vc_column_text][\/vc_column][\/vc_row][vc_row][vc_column width=&#8221;1\/2&#8243;][vc_row_inner][vc_column_inner width=&#8221;1\/6&#8243;][vc_single_image image=&#8221;148&#8243; img_size=&#8221;54&#215;20&#8243; alignment=&#8221;center&#8221; css=&#8221;.vc_custom_1530269290765{padding-top: 25px&nbsp;!important;}&#8221;][\/vc_column_inner][vc_column_inner width=&#8221;5\/6&#8243;][vc_column_text el_class=&#8221;text&#8211;space-between&#8221;]<\/p>\n<h3 style=\"text-align: left;\">TOURAINE SAUVIGNON<\/h3>\n<p>[\/vc_column_text][\/vc_column_inner][\/vc_row_inner][vc_separator css=&#8221;.vc_custom_1526482365162{padding-top: 15px&nbsp;!important;padding-bottom: 15px&nbsp;!important;}&#8221;][vc_row_inner][vc_column_inner width=&#8221;1\/3&#8243;][vc_single_image image=&#8221;1473&#8243; img_size=&#8221;medium&#8221;][\/vc_column_inner][vc_column_inner width=&#8221;2\/3&#8243;][vc_column_text]<\/p>\n<ul>\n<li>Sologne asparagus<\/li>\n<li>Gu\u00e9m\u00e9n\u00e9 andouille sausage<\/li>\n<li>P\u00e9rigord salad <em>(duck, lettuce, tomatoes, sweetcorn, nuts)<\/em><\/li>\n<li>Avocados<\/li>\n<li>Stuffed artichoke<\/li>\n<li>Cod oven-baked in foil<\/li>\n<li>Salmon with sorrel<\/li>\n<li>Carpaccio of scallops<\/li>\n<\/ul>\n<p>[\/vc_column_text][\/vc_column_inner][\/vc_row_inner][\/vc_column][vc_column width=&#8221;1\/2&#8243;][vc_row_inner][vc_column_inner width=&#8221;1\/6&#8243;][vc_single_image image=&#8221;152&#8243; img_size=&#8221;54&#215;20&#8243; alignment=&#8221;center&#8221; css=&#8221;.vc_custom_1530269771250{padding-top: 25px&nbsp;!important;}&#8221;][\/vc_column_inner][vc_column_inner width=&#8221;5\/6&#8243;][vc_column_text el_class=&#8221;text&#8211;space-between&#8221;]<\/p>\n<h3 style=\"text-align: left;\">TOURAINE GAMAY<\/h3>\n<p>[\/vc_column_text][\/vc_column_inner][\/vc_row_inner][vc_separator css=&#8221;.vc_custom_1526482365162{padding-top: 15px&nbsp;!important;padding-bottom: 15px&nbsp;!important;}&#8221;][vc_row_inner][vc_column_inner width=&#8221;1\/3&#8243;][vc_single_image image=&#8221;1481&#8243; img_size=&#8221;medium&#8221;][\/vc_column_inner][vc_column_inner width=&#8221;2\/3&#8243;][vc_column_text]<\/p>\n<ul>\n<li>Delicatessen: Pork rillettes from Tours, Ardennes ham, sausage<\/li>\n<li>Black pudding<\/li>\n<li>Touraine jelly<\/li>\n<li>Suckling pig<\/li>\n<li>Veal chops<\/li>\n<\/ul>\n<p>[\/vc_column_text][\/vc_column_inner][\/vc_row_inner][\/vc_column][\/vc_row][vc_row][vc_column width=&#8221;1\/2&#8243;][vc_row_inner][vc_column_inner width=&#8221;1\/6&#8243;][vc_single_image image=&#8221;152&#8243; img_size=&#8221;54&#215;20&#8243; alignment=&#8221;center&#8221; css=&#8221;.vc_custom_1530269941676{padding-top: 25px&nbsp;!important;}&#8221;][\/vc_column_inner][vc_column_inner width=&#8221;5\/6&#8243;][vc_column_text el_class=&#8221;text&#8211;space-between&#8221;]<\/p>\n<h3 style=\"text-align: left;\">TOURAINE RED<\/h3>\n<p>[\/vc_column_text][\/vc_column_inner][\/vc_row_inner][vc_separator css=&#8221;.vc_custom_1526482365162{padding-top: 15px&nbsp;!important;padding-bottom: 15px&nbsp;!important;}&#8221;][vc_row_inner][vc_column_inner width=&#8221;1\/3&#8243;][vc_single_image image=&#8221;1288&#8243; img_size=&#8221;medium&#8221;][\/vc_column_inner][vc_column_inner width=&#8221;2\/3&#8243;][vc_column_text]<\/p>\n<ul>\n<li>Cracklings<\/li>\n<li>Rabbit pie<\/li>\n<li>Grilled skewers or barbecued meats<\/li>\n<li>T-bone steak<\/li>\n<li>Beef bourguignon<\/li>\n<\/ul>\n<p>[\/vc_column_text][\/vc_column_inner][\/vc_row_inner][\/vc_column][vc_column width=&#8221;1\/2&#8243;][vc_row_inner][vc_column_inner width=&#8221;1\/6&#8243;][vc_single_image image=&#8221;150&#8243; img_size=&#8221;54&#215;20&#8243; alignment=&#8221;center&#8221; css=&#8221;.vc_custom_1530270045741{padding-top: 25px&nbsp;!important;}&#8221;][\/vc_column_inner][vc_column_inner width=&#8221;5\/6&#8243;][vc_column_text el_class=&#8221;text&#8211;space-between&#8221;]<\/p>\n<h3 style=\"text-align: left;\">TOURAINE ROS\u00c9<\/h3>\n<p>[\/vc_column_text][\/vc_column_inner][\/vc_row_inner][vc_separator css=&#8221;.vc_custom_1526482365162{padding-top: 15px&nbsp;!important;padding-bottom: 15px&nbsp;!important;}&#8221;][vc_row_inner][vc_column_inner width=&#8221;1\/3&#8243;][vc_single_image image=&#8221;1313&#8243; img_size=&#8221;medium&#8221;][\/vc_column_inner][vc_column_inner width=&#8221;2\/3&#8243;][vc_column_text]<\/p>\n<ul>\n<li>Crackling<\/li>\n<li>Galipettes* tourangelles with goats cheese or rillettes from Tours (<em>* stuffed white mushrooms<\/em><em>)<\/em><\/li>\n<li>Cake with olives<\/li>\n<li>Shrimps with mayonnaise<\/li>\n<li>Tomato tart<\/li>\n<li>Pissaladi\u00e8re <em>(bread pastry base, mild onions, sardine and anchovy paste, black olives, rosemary and thyme)<\/em><\/li>\n<li>Pizza (homemade!!)<\/li>\n<\/ul>\n<p>[\/vc_column_text][\/vc_column_inner][\/vc_row_inner][\/vc_column][\/vc_row][vc_row][vc_column width=&#8221;1\/2&#8243;][vc_row_inner][vc_column_inner width=&#8221;1\/6&#8243;][vc_single_image image=&#8221;144&#8243; img_size=&#8221;54&#215;20&#8243; alignment=&#8221;center&#8221; css=&#8221;.vc_custom_1530270217705{padding-top: 25px&nbsp;!important;}&#8221;][\/vc_column_inner][vc_column_inner width=&#8221;5\/6&#8243;][vc_column_text el_class=&#8221;text&#8211;space-between&#8221;]<\/p>\n<h3 style=\"text-align: left;\">TOURAINE SPARKLING WINE<\/h3>\n<p>[\/vc_column_text][\/vc_column_inner][\/vc_row_inner][vc_separator css=&#8221;.vc_custom_1526482365162{padding-top: 15px&nbsp;!important;padding-bottom: 15px&nbsp;!important;}&#8221;][vc_row_inner][vc_column_inner width=&#8221;1\/3&#8243;][vc_single_image image=&#8221;1312&#8243; img_size=&#8221;medium&#8221;][\/vc_column_inner][vc_column_inner width=&#8221;2\/3&#8243;][vc_column_text]<\/p>\n<ul>\n<li>Finger food<\/li>\n<li>Cake with bacon cubes<\/li>\n<li>Flaky pastry pie with goats cheese<\/li>\n<li>Loire pike-perch fillet<\/li>\n<li>Sologne strawberry mousse<\/li>\n<li>Clafoutis<\/li>\n<li>Pears poached in red wine<\/li>\n<\/ul>\n<p>[\/vc_column_text][\/vc_column_inner][\/vc_row_inner][\/vc_column][vc_column width=&#8221;1\/2&#8243;][\/vc_column][\/vc_row]<\/p>\n<\/section>","protected":false},"excerpt":{"rendered":"<p>[vc_row][vc_column][vc_column_text]Pairing food and wine is not always easy. But if you get it right, it can take a meal to a whole new level. To make the food and wine magic happen, the AOP Touraine has some suggestions for you that should pair perfectly with the wines from our best terroirs. Enjoy!![\/vc_column_text][\/vc_column][\/vc_row][vc_row][vc_column width=&#8221;1\/2&#8243;][vc_row_inner][vc_column_inner width=&#8221;1\/6&#8243;][vc_single_image image=&#8221;148&#8243;<\/p>","protected":false},"author":1,"featured_media":0,"parent":0,"menu_order":0,"comment_status":"closed","ping_status":"closed","template":"","meta":{"_acf_changed":false,"ngg_post_thumbnail":0,"footnotes":""},"class_list":["post-254","page","type-page","status-publish","hentry"],"acf":[],"yoast_head":"<!-- This site is optimized with the Yoast SEO plugin v27.4 - https:\/\/yoast.com\/product\/yoast-seo-wordpress\/ -->\n<title>Wine and food pairings - AOC Touraine Val de Loire<\/title>\n<meta name=\"description\" content=\"Pairing food and wine is not always easy. But if you get it right, it can take a meal to a whole new level. To make the food and wine magic happen, the AOP Touraine has some suggestions for you that should pair perfectly with the wines from our best terroirs.\" \/>\n<meta name=\"robots\" content=\"index, follow, max-snippet:-1, max-image-preview:large, max-video-preview:-1\" \/>\n<link rel=\"canonical\" href=\"https:\/\/vintouraine.com\/en\/wine-and-food-pairings\/\" \/>\n<meta property=\"og:locale\" content=\"en_US\" \/>\n<meta property=\"og:type\" content=\"article\" \/>\n<meta property=\"og:title\" content=\"Wine and food pairings - AOC Touraine Val de Loire\" \/>\n<meta property=\"og:description\" content=\"Pairing food and wine is not always easy. But if you get it right, it can take a meal to a whole new level. To make the food and wine magic happen, the AOP Touraine has some suggestions for you that should pair perfectly with the wines from our best terroirs.\" \/>\n<meta property=\"og:url\" content=\"https:\/\/vintouraine.com\/en\/wine-and-food-pairings\/\" \/>\n<meta property=\"og:site_name\" content=\"AOC Touraine Val de Loire\" \/>\n<meta property=\"article:publisher\" content=\"https:\/\/www.facebook.com\/aoctouraine\/\" \/>\n<meta property=\"article:modified_time\" content=\"2018-06-29T11:05:06+00:00\" \/>\n<meta name=\"twitter:card\" content=\"summary_large_image\" \/>\n<meta name=\"twitter:site\" content=\"@AOCTouraine\" \/>\n<meta name=\"twitter:label1\" content=\"Est. reading time\" \/>\n\t<meta name=\"twitter:data1\" content=\"3 minutes\" \/>\n<script type=\"application\/ld+json\" class=\"yoast-schema-graph\">{\"@context\":\"https:\\\/\\\/schema.org\",\"@graph\":[{\"@type\":\"WebPage\",\"@id\":\"https:\\\/\\\/vintouraine.com\\\/en\\\/wine-and-food-pairings\\\/\",\"url\":\"https:\\\/\\\/vintouraine.com\\\/en\\\/wine-and-food-pairings\\\/\",\"name\":\"Wine and food pairings - AOC Touraine Val de Loire\",\"isPartOf\":{\"@id\":\"https:\\\/\\\/vintouraine.com\\\/#website\"},\"datePublished\":\"2018-05-14T12:28:41+00:00\",\"dateModified\":\"2018-06-29T11:05:06+00:00\",\"description\":\"Pairing food and wine is not always easy. But if you get it right, it can take a meal to a whole new level. To make the food and wine magic happen, the AOP Touraine has some suggestions for you that should pair perfectly with the wines from our best terroirs.\",\"breadcrumb\":{\"@id\":\"https:\\\/\\\/vintouraine.com\\\/en\\\/wine-and-food-pairings\\\/#breadcrumb\"},\"inLanguage\":\"en-US\",\"potentialAction\":[{\"@type\":\"ReadAction\",\"target\":[\"https:\\\/\\\/vintouraine.com\\\/en\\\/wine-and-food-pairings\\\/\"]}]},{\"@type\":\"BreadcrumbList\",\"@id\":\"https:\\\/\\\/vintouraine.com\\\/en\\\/wine-and-food-pairings\\\/#breadcrumb\",\"itemListElement\":[{\"@type\":\"ListItem\",\"position\":1,\"name\":\"Home\",\"item\":\"https:\\\/\\\/vintouraine.com\\\/en\\\/\"},{\"@type\":\"ListItem\",\"position\":2,\"name\":\"Wine and food pairings\"}]},{\"@type\":\"WebSite\",\"@id\":\"https:\\\/\\\/vintouraine.com\\\/#website\",\"url\":\"https:\\\/\\\/vintouraine.com\\\/\",\"name\":\"AOC Touraine Val de Loire\",\"description\":\"\",\"publisher\":{\"@id\":\"https:\\\/\\\/vintouraine.com\\\/#organization\"},\"potentialAction\":[{\"@type\":\"SearchAction\",\"target\":{\"@type\":\"EntryPoint\",\"urlTemplate\":\"https:\\\/\\\/vintouraine.com\\\/?s={search_term_string}\"},\"query-input\":{\"@type\":\"PropertyValueSpecification\",\"valueRequired\":true,\"valueName\":\"search_term_string\"}}],\"inLanguage\":\"en-US\"},{\"@type\":\"Organization\",\"@id\":\"https:\\\/\\\/vintouraine.com\\\/#organization\",\"name\":\"AOC TOURAINE\",\"url\":\"https:\\\/\\\/vintouraine.com\\\/\",\"logo\":{\"@type\":\"ImageObject\",\"inLanguage\":\"en-US\",\"@id\":\"https:\\\/\\\/vintouraine.com\\\/#\\\/schema\\\/logo\\\/image\\\/\",\"url\":\"https:\\\/\\\/www.vintouraine.com\\\/wp-content\\\/uploads\\\/2018\\\/05\\\/logo-aoc-touraine.png\",\"contentUrl\":\"https:\\\/\\\/www.vintouraine.com\\\/wp-content\\\/uploads\\\/2018\\\/05\\\/logo-aoc-touraine.png\",\"width\":330,\"height\":85,\"caption\":\"AOC TOURAINE\"},\"image\":{\"@id\":\"https:\\\/\\\/vintouraine.com\\\/#\\\/schema\\\/logo\\\/image\\\/\"},\"sameAs\":[\"https:\\\/\\\/www.facebook.com\\\/aoctouraine\\\/\",\"https:\\\/\\\/x.com\\\/AOCTouraine\"]}]}<\/script>\n<!-- \/ Yoast SEO plugin. -->","yoast_head_json":{"title":"Wine and food pairings - AOC Touraine Val de Loire","description":"Pairing food and wine is not always easy. But if you get it right, it can take a meal to a whole new level. To make the food and wine magic happen, the AOP Touraine has some suggestions for you that should pair perfectly with the wines from our best terroirs.","robots":{"index":"index","follow":"follow","max-snippet":"max-snippet:-1","max-image-preview":"max-image-preview:large","max-video-preview":"max-video-preview:-1"},"canonical":"https:\/\/vintouraine.com\/en\/wine-and-food-pairings\/","og_locale":"en_US","og_type":"article","og_title":"Wine and food pairings - AOC Touraine Val de Loire","og_description":"Pairing food and wine is not always easy. But if you get it right, it can take a meal to a whole new level. To make the food and wine magic happen, the AOP Touraine has some suggestions for you that should pair perfectly with the wines from our best terroirs.","og_url":"https:\/\/vintouraine.com\/en\/wine-and-food-pairings\/","og_site_name":"AOC Touraine Val de Loire","article_publisher":"https:\/\/www.facebook.com\/aoctouraine\/","article_modified_time":"2018-06-29T11:05:06+00:00","twitter_card":"summary_large_image","twitter_site":"@AOCTouraine","twitter_misc":{"Est. reading time":"3 minutes"},"schema":{"@context":"https:\/\/schema.org","@graph":[{"@type":"WebPage","@id":"https:\/\/vintouraine.com\/en\/wine-and-food-pairings\/","url":"https:\/\/vintouraine.com\/en\/wine-and-food-pairings\/","name":"Wine and food pairings - AOC Touraine Val de Loire","isPartOf":{"@id":"https:\/\/vintouraine.com\/#website"},"datePublished":"2018-05-14T12:28:41+00:00","dateModified":"2018-06-29T11:05:06+00:00","description":"Pairing food and wine is not always easy. But if you get it right, it can take a meal to a whole new level. To make the food and wine magic happen, the AOP Touraine has some suggestions for you that should pair perfectly with the wines from our best terroirs.","breadcrumb":{"@id":"https:\/\/vintouraine.com\/en\/wine-and-food-pairings\/#breadcrumb"},"inLanguage":"en-US","potentialAction":[{"@type":"ReadAction","target":["https:\/\/vintouraine.com\/en\/wine-and-food-pairings\/"]}]},{"@type":"BreadcrumbList","@id":"https:\/\/vintouraine.com\/en\/wine-and-food-pairings\/#breadcrumb","itemListElement":[{"@type":"ListItem","position":1,"name":"Home","item":"https:\/\/vintouraine.com\/en\/"},{"@type":"ListItem","position":2,"name":"Wine and food pairings"}]},{"@type":"WebSite","@id":"https:\/\/vintouraine.com\/#website","url":"https:\/\/vintouraine.com\/","name":"AOC Touraine Val de Loire","description":"","publisher":{"@id":"https:\/\/vintouraine.com\/#organization"},"potentialAction":[{"@type":"SearchAction","target":{"@type":"EntryPoint","urlTemplate":"https:\/\/vintouraine.com\/?s={search_term_string}"},"query-input":{"@type":"PropertyValueSpecification","valueRequired":true,"valueName":"search_term_string"}}],"inLanguage":"en-US"},{"@type":"Organization","@id":"https:\/\/vintouraine.com\/#organization","name":"AOC TOURAINE","url":"https:\/\/vintouraine.com\/","logo":{"@type":"ImageObject","inLanguage":"en-US","@id":"https:\/\/vintouraine.com\/#\/schema\/logo\/image\/","url":"https:\/\/www.vintouraine.com\/wp-content\/uploads\/2018\/05\/logo-aoc-touraine.png","contentUrl":"https:\/\/www.vintouraine.com\/wp-content\/uploads\/2018\/05\/logo-aoc-touraine.png","width":330,"height":85,"caption":"AOC TOURAINE"},"image":{"@id":"https:\/\/vintouraine.com\/#\/schema\/logo\/image\/"},"sameAs":["https:\/\/www.facebook.com\/aoctouraine\/","https:\/\/x.com\/AOCTouraine"]}]}},"_links":{"self":[{"href":"https:\/\/vintouraine.com\/en\/wp-json\/wp\/v2\/pages\/254\/"}],"collection":[{"href":"https:\/\/vintouraine.com\/en\/wp-json\/wp\/v2\/pages\/"}],"about":[{"href":"https:\/\/vintouraine.com\/en\/wp-json\/wp\/v2\/types\/page\/"}],"author":[{"embeddable":true,"href":"https:\/\/vintouraine.com\/en\/wp-json\/wp\/v2\/users\/1\/"}],"replies":[{"embeddable":true,"href":"https:\/\/vintouraine.com\/en\/wp-json\/wp\/v2\/comments\/?post=254"}],"version-history":[{"count":0,"href":"https:\/\/vintouraine.com\/en\/wp-json\/wp\/v2\/pages\/254\/revisions\/"}],"wp:attachment":[{"href":"https:\/\/vintouraine.com\/en\/wp-json\/wp\/v2\/media\/?parent=254"}],"curies":[{"name":"wp","href":"https:\/\/api.w.org\/{rel}","templated":true}]}}