{"id":205,"date":"2018-05-04T15:45:34","date_gmt":"2018-05-04T13:45:34","guid":{"rendered":"http:\/\/www.vintouraine.com\/?page_id=205\/"},"modified":"2018-07-04T10:57:25","modified_gmt":"2018-07-04T08:57:25","slug":"denominations","status":"publish","type":"page","link":"https:\/\/vintouraine.com\/en\/aoc-touraine\/denominations\/","title":{"rendered":"Denominations"},"content":{"rendered":"<section class=\"wpb-content-wrapper\"><p>[vc_row][vc_column width=&#8221;2\/3&#8243;][vc_single_image image=&#8221;341&#8243; img_size=&#8221;large&#8221; alignment=&#8221;center&#8221; css_animation=&#8221;appear&#8221;][vc_column_text]<\/p>\n<h3 style=\"text-align: left;\">TOURAINE-AMBOISE<\/h3>\n<p>[\/vc_column_text][vc_separator][vc_column_text]Beginning in the east of Chaumont-sur-Loire and Rilly-sur-Loire in the Loir-et- Cher department, the first slopes stretch out elegantly on both sides of the Loire valley. Going downriver, we arrive in Indre-et-Loire on the eastern slopes from Cangey to Nazelles-N\u00e9gron, going through Limeray, Poc\u00e9-sur-Cisse, and Saint-Ouen-les-Vignes. On the western slopes, we go from Mosnes to Amboise, passing through Charg\u00e9 and Saint-R\u00e8gle. The terroir is strongly influenced by the flinty clay soils or \u201cperruches\u201d soils, which give these Touraine Amboise wines their unique personality.<\/p>\n<p><strong>WHITE WINES: CHENIN<\/strong><\/p>\n<p><span style=\"font-weight: 400;\">The Chenin grape variety has the particular characteristic of being able to produce dry, medium dry, sweet and even liqueur like wines. An elegant and lively wine, it can develop a wide range of aromas, while still benefitting from an excellent ageing potential.<\/span><\/p>\n<p><strong>RED WINES: COT<\/strong><\/p>\n<p><span style=\"font-weight: 400;\">The C\u00f4t is the grape variety that is part of the historical fabric of this appellation, as the winemakers were able to preserve it thanks to strict massal selections. The terroir where it grows gives it its atypical character. From supple to powerful, depending on how long it has been aged in barrels, it manages to keep its fine and silky tannins nevertheless, and a long-lasting taste on the palate.<\/span><\/p>\n<p><strong>ROS\u00c9 WINES<\/strong><\/p>\n<p><span style=\"font-weight: 400;\">The blending of C\u00f4t and Gamay gives a lovely fruity note to the nose and a wonderful freshness on the palate.<\/span>[\/vc_column_text][\/vc_column][vc_column width=&#8221;1\/3&#8243;][vc_single_image image=&#8221;1403&#8243; img_size=&#8221;full&#8221; alignment=&#8221;right&#8221;][\/vc_column][\/vc_row][vc_row][vc_column][vc_column_text]<\/p>\n<h3 style=\"text-align: center;\">TOURAINE AZAY-LE-RIDEAU<\/h3>\n<p>[\/vc_column_text][vc_separator][vc_column_text]In the vine growing area of Azay-le-Rideau several AOPs coexist. Touraine wine (red, white and ros\u00e9) is produced, Touraine M\u00e9thode Traditionnelle and Cr\u00e9mant de Loire sparkling wines are also made here. About sixty hectares are dedicated to the Touraine Azay-le-Rideau white appellation (White Chenin) since 1953, and ros\u00e9 (planted with Grolleau) since 1976. Between the Loire and the Indre valleys, the vines grow on hills and coarse sand level areas and cover 6 towns in Indre-et-Loire: Azay-le-Rideau, Cheill\u00e9, Ligni\u00e8res-de-Touraine, Rivarennes, Sach\u00e9 and Vall\u00e8res. There are currently nine wine producers who strive to highlight the originality and specificity of the Azay-le-Rideau wines, by creating a strong and dynamic image, almost a relaunch, with for example a partnership with the Ch\u00e2teau national in Azay-le-Rideau, where winemakers organize two events called 18\/22 in July and August each year.<\/p>\n<p><strong>WHITE WINES: CHENIN<\/strong><\/p>\n<p>Wines that can be fruity, dry, light or sweet. Harmonious wines featuring a fine bouquet of acacia flowers and wild rose with a hint of minerality.<\/p>\n<p><strong>ROS\u00c9 WINES: MAIN GRAPE VARIETY: GROLLEAU<\/strong><\/p>\n<p><strong>(can be blended with: cabernet franc, c\u00f4t, gamay)<\/strong><\/p>\n<p>Light, elegant and delicate wines, they have a pale robe with purplish hints. Cherry, raspberry and pear notes are present, which mingle with rose and lilac fragrances on a peppery background.[\/vc_column_text][vc_single_image image=&#8221;1404&#8243; img_size=&#8221;full&#8221;][vc_row_inner][vc_column_inner width=&#8221;2\/3&#8243;][vc_column_text]<\/p>\n<h3 style=\"text-align: center;\">TOURAINE-CHENONCEAUX&nbsp;: L\u2019\u00c9L\u00c9GANCE AU FIL D\u2019UN TERROIR<\/h3>\n<p>[\/vc_column_text][vc_separator][vc_column_text]Located north east of the AOP Touraine, the \u00ab&nbsp;Touraine Mesland&nbsp;\u00bb denomination corresponds to a rim of a plateau faced towards the Loire in the south. The soils are all similar in that they are flinty with miocene sands. Approximately ten winemakers make white wine mostly from Chenin (60 to 70&nbsp;%), ros\u00e9 from Gamay grapes and red wines blended from Gamay, often the main grape, with Cabernet franc and C\u00f4t.<\/p>\n<p>The Touraine-Mesland wine producing area covers about 105 hectares in the Loir-et-Cher and includes six towns located on the right bank of the Loire, opposite the Ch\u00e2teau de Chaumont-sur-Loire: Chambon-sur-Cisse, Chouzy-sur-Cisse, Mesland, Molineuf, Monteaux and Onzain.<\/p>\n<p><strong>WHITE WINES:<\/strong><\/p>\n<p>Chenin is the main grape variety. Sauvignon grape variety must be limited to a maximum of 30&nbsp;%. Chardonnay is included in a proportion less than or equal to sauvignon, and must not exceed a maximum of 15% of the grapes. Wines featuring a complex aromatic personality, with floral notes (hawthorn, linden blossom, verbena) as well as more fruity notes (citrus, pear).<\/p>\n<p><strong>ROS\u00c9 WINES:<\/strong><\/p>\n<p>Black gamay with white juice must represents no less than 80% of the grapes; c\u00f4t and cabernet Franc can also be included in the blend.<\/p>\n<p>Fresh, spontaneous wines, with subtle hints, they have a very characteristic bouquet mainly due to the terroir where they are made and the original wine making method used to produce them.<\/p>\n<p><strong>RED WINES:<\/strong><\/p>\n<p>Black gamay with white juice can be used to a level of between 40% and 60%, both c\u00f4t and cabernet Franc must represent between 20 and 30%.<\/p>\n<p>These subtle wines are characterized by a griotte cherry fragrance and delicate tannins.[\/vc_column_text][\/vc_column_inner][vc_column_inner width=&#8221;1\/3&#8243;][vc_single_image image=&#8221;1391&#8243; img_size=&#8221;400&#215;600&#8243;][\/vc_column_inner][\/vc_row_inner][\/vc_column][\/vc_row][vc_row][vc_column][vc_column_text]<\/p>\n<h3 style=\"text-align: left;\">TOURAINE-MESLAND<\/h3>\n<p>[\/vc_column_text][vc_separator][vc_column_text]The Touraine-Chenonceaux vineyards have a very distinct homogeneity and can be found on both banks of the Cher river, mostly on the higher slopes. The Touraine- Chenonceaux vines stretch over about twenty towns situated in the two departments, Loir-et-Cher and Indre-et-Loire. About fifty winemakers are passionate about producing top of the range wines, which have to meet very precise and restrictive<\/p>\n<p>specifications, and the authorization to sell is subject to rigorous quality control. The Touraine-Chenonceaux denomination is obviously inseparable from the Ch\u00e2teau of the same name, where every July an event called \u00ab&nbsp;Wine tasting under the stars&nbsp;\u00bb is organized.<\/p>\n<p><strong>WHITE WINES: 100% SAUVIGNON<\/strong><\/p>\n<p>They have an intense range of aromas, including white flower, ripe fruits with white flesh, (peaches, pears), but also apricots, citrus and exotic fruits. Being matured on fine lees, at least until March 30th following the harvest, brings roundness, delicacy and complexity to the wines.<\/p>\n<p><strong>RED WINES:<\/strong><\/p>\n<p><strong>Blend C\u00f4t (Malbec) and Cabernet Franc: 65% maximum of C\u00f4t (with a minimum of 50%), and 35% minimum of Cabernet Franc. <\/strong><\/p>\n<p>Their distinctive traits are both their mellow tannins and great aromatic character. Stewed black fruit notes, as well as retro-nasal licorice and mint. The maturing until August 31st following the harvest enables complex aromas to develop as well as round and silky tannins.[\/vc_column_text][vc_single_image image=&#8221;1406&#8243; img_size=&#8221;full&#8221;][\/vc_column][\/vc_row][vc_row][vc_column][vc_column_text]<\/p>\n<h2 style=\"text-align: left;\">TOURAINE-OISLY: THE BEST KEPT SECRET OF THE LOIRE VALLEY<\/h2>\n<p>[\/vc_column_text][vc_separator][vc_column_text]Between the Loire and the Cher, the Touraine-Oisly denomination englobes ten towns in the heart of the Sologne wine producing area: Oisly, Ch\u00e9mery, Choussy, Contres, Couddes, M\u00e9hers, Sassay, Soings-en-Sologne, Saint-Romain-sur-Cher and Thenay. On the best parcels of this sand and clay terroir, twelve winemakers produce exceptional white wines, made from 100% sauvignon grapes. Matured on fine lees for six months, the Touraine-Oisly wines undergo a rigorous qualitative selection process before being sold.<\/p>\n<p><strong>WHITE WINES: 100% SAUVIGNON<\/strong><\/p>\n<p>Truly elegant and fine wines, distinguished and subtle, they boast a wide range of aromas: citrus notes, exotic fruits and white flowers. Thanks to the maturing on fine lees for several months, they are full-bodied, with complexity and a long finish.[\/vc_column_text][\/vc_column][\/vc_row]<\/p>\n<\/section>","protected":false},"excerpt":{"rendered":"<p>[vc_row][vc_column width=&#8221;2\/3&#8243;][vc_single_image image=&#8221;341&#8243; img_size=&#8221;large&#8221; alignment=&#8221;center&#8221; css_animation=&#8221;appear&#8221;][vc_column_text] TOURAINE-AMBOISE [\/vc_column_text][vc_separator][vc_column_text]Beginning in the east of Chaumont-sur-Loire and Rilly-sur-Loire in the Loir-et- Cher department, the first slopes stretch out elegantly on both sides of the Loire valley. Going downriver, we arrive in Indre-et-Loire on the eastern slopes from Cangey to Nazelles-N\u00e9gron, going through Limeray, Poc\u00e9-sur-Cisse, and Saint-Ouen-les-Vignes. On the<\/p>","protected":false},"author":1,"featured_media":0,"parent":193,"menu_order":0,"comment_status":"closed","ping_status":"closed","template":"","meta":{"_acf_changed":false,"ngg_post_thumbnail":0,"footnotes":""},"class_list":["post-205","page","type-page","status-publish","hentry"],"acf":[],"yoast_head":"<!-- This site is optimized with the Yoast SEO plugin v27.3 - https:\/\/yoast.com\/product\/yoast-seo-wordpress\/ -->\n<title>Denominations - AOC Touraine Val de Loire<\/title>\n<meta name=\"description\" content=\"The AOP Touraine and its five denominations produce an average of 220 000 hectoliters of wine per year, i.e. more than 28 million bottles.\" \/>\n<meta name=\"robots\" content=\"index, follow, max-snippet:-1, max-image-preview:large, max-video-preview:-1\" \/>\n<link rel=\"canonical\" href=\"https:\/\/vintouraine.com\/en\/aoc-touraine\/denominations\/\" \/>\n<meta property=\"og:locale\" content=\"en_US\" \/>\n<meta property=\"og:type\" content=\"article\" \/>\n<meta property=\"og:title\" content=\"Denominations - AOC Touraine Val de Loire\" \/>\n<meta property=\"og:description\" content=\"The AOP Touraine and its five denominations produce an average of 220 000 hectoliters of wine per year, i.e. more than 28 million bottles.\" \/>\n<meta property=\"og:url\" content=\"https:\/\/vintouraine.com\/en\/aoc-touraine\/denominations\/\" \/>\n<meta property=\"og:site_name\" content=\"AOC Touraine Val de Loire\" \/>\n<meta property=\"article:publisher\" content=\"https:\/\/www.facebook.com\/aoctouraine\/\" \/>\n<meta property=\"article:modified_time\" content=\"2018-07-04T08:57:25+00:00\" \/>\n<meta name=\"twitter:card\" content=\"summary_large_image\" \/>\n<meta name=\"twitter:site\" content=\"@AOCTouraine\" \/>\n<meta name=\"twitter:label1\" content=\"Est. reading time\" \/>\n\t<meta name=\"twitter:data1\" content=\"6 minutes\" \/>\n<script type=\"application\/ld+json\" class=\"yoast-schema-graph\">{\"@context\":\"https:\\\/\\\/schema.org\",\"@graph\":[{\"@type\":\"WebPage\",\"@id\":\"https:\\\/\\\/vintouraine.com\\\/en\\\/aoc-touraine\\\/denominations\\\/\",\"url\":\"https:\\\/\\\/vintouraine.com\\\/en\\\/aoc-touraine\\\/denominations\\\/\",\"name\":\"Denominations - AOC Touraine Val de Loire\",\"isPartOf\":{\"@id\":\"https:\\\/\\\/vintouraine.com\\\/#website\"},\"datePublished\":\"2018-05-04T13:45:34+00:00\",\"dateModified\":\"2018-07-04T08:57:25+00:00\",\"description\":\"The AOP Touraine and its five denominations produce an average of 220 000 hectoliters of wine per year, i.e. more than 28 million bottles.\",\"breadcrumb\":{\"@id\":\"https:\\\/\\\/vintouraine.com\\\/en\\\/aoc-touraine\\\/denominations\\\/#breadcrumb\"},\"inLanguage\":\"en-US\",\"potentialAction\":[{\"@type\":\"ReadAction\",\"target\":[\"https:\\\/\\\/vintouraine.com\\\/en\\\/aoc-touraine\\\/denominations\\\/\"]}]},{\"@type\":\"BreadcrumbList\",\"@id\":\"https:\\\/\\\/vintouraine.com\\\/en\\\/aoc-touraine\\\/denominations\\\/#breadcrumb\",\"itemListElement\":[{\"@type\":\"ListItem\",\"position\":1,\"name\":\"Home\",\"item\":\"https:\\\/\\\/vintouraine.com\\\/en\\\/\"},{\"@type\":\"ListItem\",\"position\":2,\"name\":\"AOP Touraine\",\"item\":\"https:\\\/\\\/www.vintouraine.com\\\/en\\\/aoc-touraine\\\/\"},{\"@type\":\"ListItem\",\"position\":3,\"name\":\"Denominations\"}]},{\"@type\":\"WebSite\",\"@id\":\"https:\\\/\\\/vintouraine.com\\\/#website\",\"url\":\"https:\\\/\\\/vintouraine.com\\\/\",\"name\":\"AOC Touraine Val de Loire\",\"description\":\"\",\"publisher\":{\"@id\":\"https:\\\/\\\/vintouraine.com\\\/#organization\"},\"potentialAction\":[{\"@type\":\"SearchAction\",\"target\":{\"@type\":\"EntryPoint\",\"urlTemplate\":\"https:\\\/\\\/vintouraine.com\\\/?s={search_term_string}\"},\"query-input\":{\"@type\":\"PropertyValueSpecification\",\"valueRequired\":true,\"valueName\":\"search_term_string\"}}],\"inLanguage\":\"en-US\"},{\"@type\":\"Organization\",\"@id\":\"https:\\\/\\\/vintouraine.com\\\/#organization\",\"name\":\"AOC TOURAINE\",\"url\":\"https:\\\/\\\/vintouraine.com\\\/\",\"logo\":{\"@type\":\"ImageObject\",\"inLanguage\":\"en-US\",\"@id\":\"https:\\\/\\\/vintouraine.com\\\/#\\\/schema\\\/logo\\\/image\\\/\",\"url\":\"https:\\\/\\\/www.vintouraine.com\\\/wp-content\\\/uploads\\\/2018\\\/05\\\/logo-aoc-touraine.png\",\"contentUrl\":\"https:\\\/\\\/www.vintouraine.com\\\/wp-content\\\/uploads\\\/2018\\\/05\\\/logo-aoc-touraine.png\",\"width\":330,\"height\":85,\"caption\":\"AOC TOURAINE\"},\"image\":{\"@id\":\"https:\\\/\\\/vintouraine.com\\\/#\\\/schema\\\/logo\\\/image\\\/\"},\"sameAs\":[\"https:\\\/\\\/www.facebook.com\\\/aoctouraine\\\/\",\"https:\\\/\\\/x.com\\\/AOCTouraine\"]}]}<\/script>\n<!-- \/ Yoast SEO plugin. -->","yoast_head_json":{"title":"Denominations - AOC Touraine Val de Loire","description":"The AOP Touraine and its five denominations produce an average of 220 000 hectoliters of wine per year, i.e. more than 28 million bottles.","robots":{"index":"index","follow":"follow","max-snippet":"max-snippet:-1","max-image-preview":"max-image-preview:large","max-video-preview":"max-video-preview:-1"},"canonical":"https:\/\/vintouraine.com\/en\/aoc-touraine\/denominations\/","og_locale":"en_US","og_type":"article","og_title":"Denominations - AOC Touraine Val de Loire","og_description":"The AOP Touraine and its five denominations produce an average of 220 000 hectoliters of wine per year, i.e. more than 28 million bottles.","og_url":"https:\/\/vintouraine.com\/en\/aoc-touraine\/denominations\/","og_site_name":"AOC Touraine Val de Loire","article_publisher":"https:\/\/www.facebook.com\/aoctouraine\/","article_modified_time":"2018-07-04T08:57:25+00:00","twitter_card":"summary_large_image","twitter_site":"@AOCTouraine","twitter_misc":{"Est. reading time":"6 minutes"},"schema":{"@context":"https:\/\/schema.org","@graph":[{"@type":"WebPage","@id":"https:\/\/vintouraine.com\/en\/aoc-touraine\/denominations\/","url":"https:\/\/vintouraine.com\/en\/aoc-touraine\/denominations\/","name":"Denominations - AOC Touraine Val de Loire","isPartOf":{"@id":"https:\/\/vintouraine.com\/#website"},"datePublished":"2018-05-04T13:45:34+00:00","dateModified":"2018-07-04T08:57:25+00:00","description":"The AOP Touraine and its five denominations produce an average of 220 000 hectoliters of wine per year, i.e. more than 28 million bottles.","breadcrumb":{"@id":"https:\/\/vintouraine.com\/en\/aoc-touraine\/denominations\/#breadcrumb"},"inLanguage":"en-US","potentialAction":[{"@type":"ReadAction","target":["https:\/\/vintouraine.com\/en\/aoc-touraine\/denominations\/"]}]},{"@type":"BreadcrumbList","@id":"https:\/\/vintouraine.com\/en\/aoc-touraine\/denominations\/#breadcrumb","itemListElement":[{"@type":"ListItem","position":1,"name":"Home","item":"https:\/\/vintouraine.com\/en\/"},{"@type":"ListItem","position":2,"name":"AOP Touraine","item":"https:\/\/www.vintouraine.com\/en\/aoc-touraine\/"},{"@type":"ListItem","position":3,"name":"Denominations"}]},{"@type":"WebSite","@id":"https:\/\/vintouraine.com\/#website","url":"https:\/\/vintouraine.com\/","name":"AOC Touraine Val de Loire","description":"","publisher":{"@id":"https:\/\/vintouraine.com\/#organization"},"potentialAction":[{"@type":"SearchAction","target":{"@type":"EntryPoint","urlTemplate":"https:\/\/vintouraine.com\/?s={search_term_string}"},"query-input":{"@type":"PropertyValueSpecification","valueRequired":true,"valueName":"search_term_string"}}],"inLanguage":"en-US"},{"@type":"Organization","@id":"https:\/\/vintouraine.com\/#organization","name":"AOC TOURAINE","url":"https:\/\/vintouraine.com\/","logo":{"@type":"ImageObject","inLanguage":"en-US","@id":"https:\/\/vintouraine.com\/#\/schema\/logo\/image\/","url":"https:\/\/www.vintouraine.com\/wp-content\/uploads\/2018\/05\/logo-aoc-touraine.png","contentUrl":"https:\/\/www.vintouraine.com\/wp-content\/uploads\/2018\/05\/logo-aoc-touraine.png","width":330,"height":85,"caption":"AOC TOURAINE"},"image":{"@id":"https:\/\/vintouraine.com\/#\/schema\/logo\/image\/"},"sameAs":["https:\/\/www.facebook.com\/aoctouraine\/","https:\/\/x.com\/AOCTouraine"]}]}},"_links":{"self":[{"href":"https:\/\/vintouraine.com\/en\/wp-json\/wp\/v2\/pages\/205\/"}],"collection":[{"href":"https:\/\/vintouraine.com\/en\/wp-json\/wp\/v2\/pages\/"}],"about":[{"href":"https:\/\/vintouraine.com\/en\/wp-json\/wp\/v2\/types\/page\/"}],"author":[{"embeddable":true,"href":"https:\/\/vintouraine.com\/en\/wp-json\/wp\/v2\/users\/1\/"}],"replies":[{"embeddable":true,"href":"https:\/\/vintouraine.com\/en\/wp-json\/wp\/v2\/comments\/?post=205"}],"version-history":[{"count":0,"href":"https:\/\/vintouraine.com\/en\/wp-json\/wp\/v2\/pages\/205\/revisions\/"}],"up":[{"embeddable":true,"href":"https:\/\/vintouraine.com\/en\/wp-json\/wp\/v2\/pages\/193\/"}],"wp:attachment":[{"href":"https:\/\/vintouraine.com\/en\/wp-json\/wp\/v2\/media\/?parent=205"}],"curies":[{"name":"wp","href":"https:\/\/api.w.org\/{rel}","templated":true}]}}